{"id":1644,"date":"2021-05-04T12:26:23","date_gmt":"2021-05-04T12:26:23","guid":{"rendered":"https:\/\/www.oruvilla.ee\/seminar-ja-kaugtoo\/"},"modified":"2024-01-02T19:48:19","modified_gmt":"2024-01-02T19:48:19","slug":"seminar-udalennaja-rabota","status":"publish","type":"page","link":"https:\/\/www.oruvilla.ee\/ru\/seminar-udalennaja-rabota\/","title":{"rendered":"\u0421\u0435\u043c\u0438\u043d\u0430\u0440 \u0438 \u0443\u0434\u0430\u043b\u0435\u043d\u043d\u0430\u044f \u0440\u0430\u0431\u043e\u0442\u0430"},"content":{"rendered":"\n<div class=\"wp-block-cover alignwide is-light\" style=\"min-height:300px;aspect-ratio:unset;\"><span aria-hidden=\"true\" class=\"wp-block-cover__background has-background-dim-30 has-background-dim\"><\/span><img loading=\"lazy\" decoding=\"async\" width=\"2560\" height=\"1706\" class=\"wp-block-cover__image-background wp-image-322\" alt=\"\" src=\"https:\/\/www.oruvilla.ee\/wp-content\/uploads\/2021\/05\/Kupland_14-2-scaled.jpg\" style=\"object-position:50% 41%\" data-object-fit=\"cover\" data-object-position=\"50% 41%\" srcset=\"https:\/\/www.oruvilla.ee\/wp-content\/uploads\/2021\/05\/Kupland_14-2-scaled.jpg 2560w, https:\/\/www.oruvilla.ee\/wp-content\/uploads\/2021\/05\/Kupland_14-2-300x200.jpg 300w, https:\/\/www.oruvilla.ee\/wp-content\/uploads\/2021\/05\/Kupland_14-2-1024x683.jpg 1024w, https:\/\/www.oruvilla.ee\/wp-content\/uploads\/2021\/05\/Kupland_14-2-768x512.jpg 768w, https:\/\/www.oruvilla.ee\/wp-content\/uploads\/2021\/05\/Kupland_14-2-1536x1024.jpg 1536w, https:\/\/www.oruvilla.ee\/wp-content\/uploads\/2021\/05\/Kupland_14-2-2048x1365.jpg 2048w\" sizes=\"auto, (max-width: 2560px) 100vw, 2560px\" \/><div class=\"wp-block-cover__inner-container is-layout-flow wp-block-cover-is-layout-flow\">\n<h1 class=\"wp-block-heading has-text-align-center has-huge-font-size\">\u0421\u0435\u043c\u0438\u043d\u0430\u0440 \u0438 \u0443\u0434\u0430\u043b\u0435\u043d\u043d\u0430\u044f \u0440\u0430\u0431\u043e\u0442\u0430<\/h1>\n<\/div><\/div>\n\n\n\n<p class=\"has-drop-cap has-text-align-left has-background has-normal-font-size\" style=\"background-color:#f6b1b6\">\u0423\u0441\u0430\u0434\u044c\u0431\u0430 \u0421\u043e\u043b\u043e\u0432\u044c\u0438\u043d\u043e\u0439 \u0414\u043e\u043b\u0438\u043d\u044b \u0432\u0445\u043e\u0434\u0438\u0442 \u0432 \u0441\u0435\u0442\u044c \u0443\u0434\u0430\u043b\u0435\u043d\u043d\u043e\u0439 \u0440\u0430\u0431\u043e\u0442\u044b \u044e\u0433\u043e-\u0432\u043e\u0441\u0442\u043e\u0447\u043d\u043e\u0439 \u042d\u0441\u0442\u043e\u043d\u0438\u0438 \u041a\u0443\u043f\u043b\u0430\u043d\u0434. \u042d\u0442\u043e \u043e\u0442\u043b\u0438\u0447\u043d\u043e\u0435 \u043c\u0435\u0441\u0442\u043e \u0434\u043b\u044f \u0443\u0434\u0430\u043b\u0435\u043d\u043d\u043e\u0439 \u0440\u0430\u0431\u043e\u0442\u044b \u0434\u043b\u044f \u0442\u043e\u0433\u043e, \u043a\u043e\u0433\u043e \u0432\u0434\u043e\u0445\u043d\u043e\u0432\u043b\u044f\u0435\u0442 \u044f\u0440\u043a\u0430\u044f \u0438 \u043a\u043e\u0440\u043e\u043b\u0435\u0432\u0441\u043a\u0430\u044f \u0441\u0440\u0435\u0434\u0430.<br>\u0412 \u0443\u044e\u0442\u043d\u043e\u043c \u043d\u043e\u043c\u0435\u0440\u0435 5 \u043f\u043e-\u0436\u0435\u043b\u0430\u043d\u0438\u044e \u0438\u043c\u0435\u0435\u0442\u0441\u044f \u044d\u0440\u0433\u043e\u043d\u043e\u043c\u0438\u0447\u043d\u043e\u0435 \u043e\u0444\u0438\u0441\u043d\u043e\u0435 \u043a\u0440\u0435\u0441\u043b\u043e \u0438 \u0445\u043e\u0440\u043e\u0448\u0435\u0435 \u043e\u0441\u0432\u0435\u0449\u0435\u043d\u0438\u0435.<\/p>\n\n\n\n<div class=\"wp-block-media-text alignwide has-media-on-the-right is-stacked-on-mobile animated zoomIn faster\"><div class=\"wp-block-media-text__content\">\n<figure class=\"wp-block-image size-large is-resized\"><img loading=\"lazy\" decoding=\"async\" width=\"1024\" height=\"1024\" src=\"https:\/\/www.oruvilla.ee\/wp-content\/uploads\/2021\/05\/kupland_logomark-1024x1024.png\" alt=\"\" class=\"wp-image-687\" style=\"width:57px;height:57px\" srcset=\"https:\/\/www.oruvilla.ee\/wp-content\/uploads\/2021\/05\/kupland_logomark-1024x1024.png 1024w, https:\/\/www.oruvilla.ee\/wp-content\/uploads\/2021\/05\/kupland_logomark-300x300.png 300w, https:\/\/www.oruvilla.ee\/wp-content\/uploads\/2021\/05\/kupland_logomark-150x150.png 150w, https:\/\/www.oruvilla.ee\/wp-content\/uploads\/2021\/05\/kupland_logomark-768x768.png 768w, https:\/\/www.oruvilla.ee\/wp-content\/uploads\/2021\/05\/kupland_logomark-1536x1536.png 1536w, https:\/\/www.oruvilla.ee\/wp-content\/uploads\/2021\/05\/kupland_logomark-2048x2048.png 2048w\" sizes=\"auto, (max-width: 1024px) 100vw, 1024px\" \/><\/figure>\n\n\n\n<p>\u0412 \u043f\u0440\u043e\u043c\u0435\u0436\u0443\u0442\u043a\u0430\u0445 \u043c\u0435\u0436\u0434\u0443 \u0440\u0430\u0431\u043e\u0442\u044b \u0435\u0441\u0442\u044c \u043c\u0435\u0441\u0442\u043e \u0434\u043b\u044f \u043e\u0442\u0434\u044b\u0445\u0430 \u0438 \u0440\u0430\u0441\u0441\u043b\u0430\u0431\u043b\u0435\u043d\u0438\u044f. \u041f\u043e\u0441\u043a\u043e\u043b\u044c\u043a\u0443 \u0432\u0438\u043b\u043b\u0430 \u0440\u0430\u0441\u043f\u043e\u043b\u0430\u0433\u0430\u0435\u0442\u0441\u044f \u0441\u0440\u0435\u0434\u0438 \u0441\u0430\u043c\u044b\u0445 \u0430\u0443\u0442\u0435\u043d\u0442\u0438\u0447\u043d\u044b\u0445 \u043a\u0443\u043f\u043e\u043b\u043e\u0432 \u0432 <a href=\"https:\/\/kupland.ee\/ru\" target=\"_blank\" rel=\"noreferrer noopener\">\u041a\u0443\u043f\u043b\u0430\u043d\u0434\u0435<\/a>, \u0442\u043e \u0432\u044b \u0441\u043c\u043e\u0436\u0435\u0442\u0435 \u0441\u043e\u0432\u0435\u0440\u0448\u0430\u0442\u044c \u043a\u0430\u043a \u043a\u043e\u0440\u043e\u0442\u043a\u0438\u0435, \u0442\u0430\u043a \u0438 \u043f\u0440\u043e\u0434\u043e\u043b\u0436\u0438\u0442\u0435\u043b\u044c\u043d\u044b\u0435 \u043f\u0440\u043e\u0433\u0443\u043b\u043a\u0438.  \u0421\u043e\u0432\u0441\u0435\u043c \u0440\u044f\u0434\u043e\u043c \u043d\u0430\u0445\u043e\u0434\u0438\u0442\u0441\u044f \u0437\u043d\u0430\u043c\u0435\u043d\u0438\u0442\u0430\u044f \u0441\u043c\u043e\u0442\u0440\u043e\u0432\u0430\u044f \u0431\u0430\u0448\u043d\u044f \u041f\u0435\u0441\u0430\u043f\u0443\u0443, \u0441 \u043a\u043e\u0442\u043e\u0440\u043e\u0439 \u043e\u0442\u043a\u0440\u044b\u0432\u0430\u0435\u0442\u0441\u044f \u0432\u0438\u0434 \u043d\u0430 \u0432\u0441\u044e \u0441\u043e\u043b\u043e\u0432\u044c\u0438\u043d\u0443\u044e \u0434\u043e\u043b\u0438\u043d\u0443. \u0414\u043e\u043f\u043e\u043b\u043d\u0438\u0442\u0435\u043b\u044c\u043d\u043e \u043c\u043e\u0436\u043d\u043e \u0437\u0430\u043a\u0430\u0437\u0430\u0442\u044c \u0435\u0434\u0443 \u0438\u0437 \u0440\u0435\u0441\u0442\u043e\u0440\u0430\u043d\u0430 \u0438 \u043c\u0430\u0441\u0441\u0430\u0436. <a href=\"https:\/\/kupland.ee\/ru\/m%D0%B5%D1%81%D1%82%D0%B0\/villa-eebiku-org\" target=\"_blank\" rel=\"noreferrer noopener\">\u041f\u043e\u0434\u0440\u043e\u0431\u043d\u0435\u0435<\/a><\/p>\n\n\n\n<p class=\"has-text-align-center\">\u0420\u0430\u0437\u043c\u0435\u0449\u0435\u043d\u0438\u0435;<br>\u0417\u0430\u0432\u0442\u0440\u0430\u043a;<br>\u041e\u0437\u0434\u043e\u0440\u0430\u0432\u043b\u0438\u0432\u0430\u044e\u0449\u0430\u044f \u0441\u043e\u043b\u044f\u043d\u0430\u044f \u043a\u043e\u043c\u043d\u0430\u0442\u0430;<br>\u0420\u0430\u043d\u043d\u0438\u0439 \u0432\u044a\u0435\u0437\u0434 \u0438 \u043f\u043e\u0437\u0434\u043d\u0438\u0439 \u0432\u044b\u0435\u0437\u0434 \u043f\u0440\u0438 \u043f\u0440\u0435\u0434\u0432\u0430\u0440\u0438\u0442\u0435\u043b\u044c\u043d\u043e\u0439 \u0434\u043e\u0433\u043e\u0432\u043e\u0440\u0435\u043d\u043d\u043e\u0441\u0442\u0438;<br>\u0411\u0440\u043e\u043d\u0438\u0440\u0443\u044f \u043f\u0430\u043a\u0435\u0442 \u043d\u0430 3 \u0438 \u0431\u043e\u043b\u0435\u0435 \u043d\u043e\u0447\u0435\u0439, \u043f\u0440\u0438\u043c\u0435\u043d\u044f\u0435\u0442\u0441\u044f \u0434\u043e\u043f\u043e\u043b\u043d\u0438\u0442\u0435\u043b\u044c\u043d\u0430\u044f \u0441\u043a\u0438\u0434\u043a\u0430 -10%.<\/p>\n\n\n\n<p class=\"has-text-align-center\"><strong>\u0421\u0442\u043e\u0438\u043c\u043e\u0441\u0442\u044c \u043e\u0442 58 \u20ac \/ \u043d\u0430 \u0447\u0435\u043b\u043e\u0432\u0435\u043a\u0430<\/strong><\/p>\n\n\n\n<div class=\"wp-block-buttons is-horizontal is-content-justification-center is-layout-flex wp-container-core-buttons-is-layout-499968f5 wp-block-buttons-is-layout-flex\"><div class=\"wp-block-button-wrapper\">\n<div class=\"wp-block-button is-style-fill\"><a class=\"wp-block-button__link has-white-color has-black-background-color has-text-color has-background no-border-radius wp-element-button\">\u0417\u0430\u0431\u0440\u043e\u043d\u0438\u0440\u043e\u0432\u0430\u0442\u044c \u043f\u0430\u043a\u0435\u0442<\/a><\/div>\n<\/div><\/div>\n<\/div><figure class=\"wp-block-media-text__media\"><img loading=\"lazy\" decoding=\"async\" width=\"1024\" height=\"683\" src=\"https:\/\/www.oruvilla.ee\/wp-content\/uploads\/2021\/05\/Oobikuorg1-1024x683.jpg\" alt=\"\" class=\"wp-image-280 size-full\" srcset=\"https:\/\/www.oruvilla.ee\/wp-content\/uploads\/2021\/05\/Oobikuorg1-1024x683.jpg 1024w, https:\/\/www.oruvilla.ee\/wp-content\/uploads\/2021\/05\/Oobikuorg1-300x200.jpg 300w, https:\/\/www.oruvilla.ee\/wp-content\/uploads\/2021\/05\/Oobikuorg1-768x512.jpg 768w, https:\/\/www.oruvilla.ee\/wp-content\/uploads\/2021\/05\/Oobikuorg1-1536x1024.jpg 1536w, https:\/\/www.oruvilla.ee\/wp-content\/uploads\/2021\/05\/Oobikuorg1-2048x1365.jpg 2048w\" sizes=\"auto, (max-width: 1024px) 100vw, 1024px\" \/><\/figure><\/div>\n\n\n\n<div class=\"wp-block-media-text alignwide is-stacked-on-mobile\"><figure class=\"wp-block-media-text__media\"><img loading=\"lazy\" decoding=\"async\" width=\"1024\" height=\"683\" src=\"https:\/\/www.oruvilla.ee\/wp-content\/uploads\/2021\/05\/seminar-markus-winkler-unsplash-1024x683.jpg\" alt=\"\" class=\"wp-image-442 size-full\" srcset=\"https:\/\/www.oruvilla.ee\/wp-content\/uploads\/2021\/05\/seminar-markus-winkler-unsplash-1024x683.jpg 1024w, https:\/\/www.oruvilla.ee\/wp-content\/uploads\/2021\/05\/seminar-markus-winkler-unsplash-300x200.jpg 300w, https:\/\/www.oruvilla.ee\/wp-content\/uploads\/2021\/05\/seminar-markus-winkler-unsplash-768x512.jpg 768w, https:\/\/www.oruvilla.ee\/wp-content\/uploads\/2021\/05\/seminar-markus-winkler-unsplash-1536x1024.jpg 1536w, https:\/\/www.oruvilla.ee\/wp-content\/uploads\/2021\/05\/seminar-markus-winkler-unsplash.jpg 1920w\" sizes=\"auto, (max-width: 1024px) 100vw, 1024px\" \/><\/figure><div class=\"wp-block-media-text__content\">\n<h3 class=\"wp-block-heading has-text-align-center\">\u041f\u0430\u043a\u0435\u0442 \u0441\u0435\u043c\u0438\u043d\u0430\u0440\u0430 \u201e\u0420\u0430\u0431\u043e\u0447\u0438\u0439 \u043e\u0442\u0434\u044b\u0445\u201c<\/h3>\n\n\n\n<p class=\"has-text-align-center\">\u0423\u0441\u0430\u0434\u044c\u0431\u0430 \u0421\u043e\u043b\u043e\u0432\u044c\u0438\u043d\u043e\u0439 \u0414\u043e\u043b\u0438\u043d\u044b \u043f\u0440\u0435\u0434\u043b\u0430\u0433\u0430\u0435\u0442 \u044d\u043a\u0441\u043a\u043b\u044e\u0437\u0438\u0432\u043d\u0443\u044e \u0432\u043e\u0437\u043c\u043e\u0436\u043d\u043e\u0441\u0442\u044c \u0434\u043b\u044f \u0440\u0430\u0431\u043e\u0447\u0435\u0433\u043e \u043e\u0442\u0434\u044b\u0445\u0430.<\/p>\n\n\n\n<p class=\"has-text-align-center\">\u041c\u0438\u043d\u0438\u043c\u0430\u043b\u044c\u043d\u044b\u0439 \u0440\u0430\u0437\u043c\u0435\u0440 \u0433\u0440\u0443\u043f\u043f\u044b 10 \u0438 \u043c\u0430\u043a\u0441\u0438\u043c\u0430\u043b\u044c\u043d\u044b\u0439 20 \u0447\u0435\u043b\u043e\u0432\u0435\u043a.<br>\u0420\u0430\u0437\u043c\u0435\u0449\u0435\u043d\u0438\u0435 \u0432 \u0434\u0432\u0443\u0445\u043c\u0435\u0441\u0442\u043d\u044b\u0445 \u043d\u043e\u043c\u0435\u0440\u0430\u0445;<br>\u0417\u0430\u0432\u0442\u0440\u0430\u043a \u0448\u0432\u0435\u0434\u0441\u043a\u0438\u0439 \u0441\u0442\u043e\u043b;<br>\u041e\u0431\u0435\u0434;<br>2 \u043a\u043e\u0444\u0435-\u043f\u0430\u0443\u0437\u044b (\u0432\u043e\u0437\u043c\u043e\u0436\u043d\u043e\u0441\u0442\u044c \u0437\u0430\u043a\u0430\u0437\u0430\u0442\u044c \u0437\u0430\u043a\u0443\u0441\u043a\u0438 \u0437\u0430 \u0434\u043e\u043f\u043e\u043b\u043d\u0438\u0442\u0435\u043b\u044c\u043d\u0443\u044e \u043f\u043b\u0430\u0442\u0443);<br>\u041f\u043e\u043b\u044c\u0437\u043e\u0432\u0430\u043d\u0438\u0435 \u0437\u0430\u043b\u043e\u043c \u0438 \u043f\u0440\u043e\u0435\u043a\u0442\u043e\u0440\u043e\u043c.<\/p>\n\n\n\n<p class=\"has-text-align-center\"><strong>\u0421\u0442\u043e\u0438\u043c\u043e\u0441\u0442\u044c \u043e\u0442 59 \u20ac \/ \u043d\u0430 \u0447\u0435\u043b\u043e\u0432\u0435\u043a\u0430<\/strong><\/p>\n\n\n\n<h4 class=\"wp-block-heading\">\u0414\u043e\u043f\u043e\u043b\u043d\u0438\u0442\u0435\u043b\u044c\u043d\u0430\u044f \u0438\u043d\u0444\u043e\u0440\u043c\u0430\u0446\u0438\u044f:<\/h4>\n\n\n\n<ul class=\"wp-block-list\">\n<li>+372 50 99 666<\/li>\n\n\n\n<li><a href=\"mailto:villa@oruvilla.ee\" target=\"_blank\" rel=\"noreferrer noopener\">villa@oruvilla.ee<\/a><\/li>\n<\/ul>\n<\/div><\/div>\n","protected":false},"excerpt":{"rendered":"<p>\u0423\u0441\u0430\u0434\u044c\u0431\u0430 \u0421\u043e\u043b\u043e\u0432\u044c\u0438\u043d\u043e\u0439 \u0414\u043e\u043b\u0438\u043d\u044b \u0432\u0445\u043e\u0434\u0438\u0442 \u0432 \u0441\u0435\u0442\u044c \u0443\u0434\u0430\u043b\u0435\u043d\u043d\u043e\u0439 \u0440\u0430\u0431\u043e\u0442\u044b \u044e\u0433\u043e-\u0432\u043e\u0441\u0442\u043e\u0447\u043d\u043e\u0439 \u042d\u0441\u0442\u043e\u043d\u0438\u0438 \u041a\u0443\u043f\u043b\u0430\u043d\u0434. \u042d\u0442\u043e \u043e\u0442\u043b\u0438\u0447\u043d\u043e\u0435 \u043c\u0435\u0441\u0442\u043e \u0434\u043b\u044f \u0443\u0434\u0430\u043b\u0435\u043d\u043d\u043e\u0439 \u0440\u0430\u0431\u043e\u0442\u044b \u0434\u043b\u044f \u0442\u043e\u0433\u043e, \u043a\u043e\u0433\u043e \u0432\u0434\u043e\u0445\u043d\u043e\u0432\u043b\u044f\u0435\u0442 \u044f\u0440\u043a\u0430\u044f \u0438 \u043a\u043e\u0440\u043e\u043b\u0435\u0432\u0441\u043a\u0430\u044f \u0441\u0440\u0435\u0434\u0430.\u0412 \u0443\u044e\u0442\u043d\u043e\u043c \u043d\u043e\u043c\u0435\u0440\u0435 5 \u043f\u043e-\u0436\u0435\u043b\u0430\u043d\u0438\u044e \u0438\u043c\u0435\u0435\u0442\u0441\u044f \u044d\u0440\u0433\u043e\u043d\u043e\u043c\u0438\u0447\u043d\u043e\u0435 \u043e\u0444\u0438\u0441\u043d\u043e\u0435 \u043a\u0440\u0435\u0441\u043b\u043e \u0438 \u0445\u043e\u0440\u043e\u0448\u0435\u0435 \u043e\u0441\u0432\u0435\u0449\u0435\u043d\u0438\u0435.<\/p>\n","protected":false},"author":3,"featured_media":0,"parent":0,"menu_order":0,"comment_status":"closed","ping_status":"closed","template":"","meta":{"footnotes":""},"class_list":["post-1644","page","type-page","status-publish","hentry"],"yoast_head":"<!-- This site is optimized with the Yoast SEO plugin v23.6 - https:\/\/yoast.com\/wordpress\/plugins\/seo\/ -->\n<title>\u0421\u0435\u043c\u0438\u043d\u0430\u0440 \u0432 \u042d\u0441\u0442\u043e\u043d\u0438\u0438 | \u0423\u0434\u0430\u043b\u0451\u043d\u043d\u0430\u044f \u0440\u0430\u0431\u043e\u0442\u0430 \u0432 \u0412\u044b\u0440\u0443\u043c\u0430\u0430 | \u0420\u044b\u0443\u0433\u0435<\/title>\n<meta name=\"description\" content=\"\u041d\u0430\u0448\u0430 \u0432\u0438\u043b\u043b\u0430 \u0432\u0445\u043e\u0434\u0438\u0442 \u0432 \u0441\u0435\u0442\u044c \u0443\u0434\u0430\u043b\u0435\u043d\u043d\u043e\u0439 \u0440\u0430\u0431\u043e\u0442\u044b \u044e\u0433\u043e-\u0432\u043e\u0441\u0442\u043e\u0447\u043d\u043e\u0439 \u042d\u0441\u0442\u043e\u043d\u0438\u0438. \u041e\u0442\u043b\u0438\u0447\u043d\u043e\u0435 \u043c\u0435\u0441\u0442\u043e \u0434\u043b\u044f \u0443\u0434\u0430\u043b\u0435\u043d\u043d\u043e\u0439 \u0440\u0430\u0431\u043e\u0442\u044b \u0434\u043b\u044f \u0442\u043e\u0433\u043e, \u043a\u043e\u0433\u043e \u0432\u0434\u043e\u0445\u043d\u043e\u0432\u043b\u044f\u0435\u0442 \u044f\u0440\u043a\u0430\u044f \u0441\u0440\u0435\u0434\u0430.\" \/>\n<meta name=\"robots\" content=\"index, follow, max-snippet:-1, max-image-preview:large, max-video-preview:-1\" \/>\n<link rel=\"canonical\" href=\"https:\/\/www.oruvilla.ee\/seminar-ja-kaugtoo\/\" \/>\n<meta property=\"og:locale\" content=\"ru_RU\" \/>\n<meta property=\"og:type\" content=\"article\" \/>\n<meta property=\"og:title\" content=\"\u0421\u0435\u043c\u0438\u043d\u0430\u0440 \u0432 \u042d\u0441\u0442\u043e\u043d\u0438\u0438 | \u0423\u0434\u0430\u043b\u0451\u043d\u043d\u0430\u044f \u0440\u0430\u0431\u043e\u0442\u0430 \u0432 \u0412\u044b\u0440\u0443\u043c\u0430\u0430 | \u0420\u044b\u0443\u0433\u0435\" \/>\n<meta property=\"og:description\" content=\"\u041d\u0430\u0448\u0430 \u0432\u0438\u043b\u043b\u0430 \u0432\u0445\u043e\u0434\u0438\u0442 \u0432 \u0441\u0435\u0442\u044c \u0443\u0434\u0430\u043b\u0435\u043d\u043d\u043e\u0439 \u0440\u0430\u0431\u043e\u0442\u044b \u044e\u0433\u043e-\u0432\u043e\u0441\u0442\u043e\u0447\u043d\u043e\u0439 \u042d\u0441\u0442\u043e\u043d\u0438\u0438. \u041e\u0442\u043b\u0438\u0447\u043d\u043e\u0435 \u043c\u0435\u0441\u0442\u043e \u0434\u043b\u044f \u0443\u0434\u0430\u043b\u0435\u043d\u043d\u043e\u0439 \u0440\u0430\u0431\u043e\u0442\u044b \u0434\u043b\u044f \u0442\u043e\u0433\u043e, \u043a\u043e\u0433\u043e \u0432\u0434\u043e\u0445\u043d\u043e\u0432\u043b\u044f\u0435\u0442 \u044f\u0440\u043a\u0430\u044f \u0441\u0440\u0435\u0434\u0430.\" \/>\n<meta property=\"og:url\" content=\"https:\/\/www.oruvilla.ee\/seminar-ja-kaugtoo\/\" \/>\n<meta property=\"og:site_name\" content=\"\u00d6\u00f6bikuoru villa\" \/>\n<meta property=\"article:modified_time\" content=\"2024-01-02T19:48:19+00:00\" \/>\n<meta property=\"og:image\" content=\"https:\/\/www.oruvilla.ee\/wp-content\/uploads\/2021\/05\/Kupland_14-2-scaled.jpg\" \/>\n<meta name=\"twitter:card\" content=\"summary_large_image\" \/>\n<meta name=\"twitter:label1\" content=\"\u041f\u0440\u0438\u043c\u0435\u0440\u043d\u043e\u0435 \u0432\u0440\u0435\u043c\u044f \u0434\u043b\u044f \u0447\u0442\u0435\u043d\u0438\u044f\" \/>\n\t<meta name=\"twitter:data1\" content=\"2 \u043c\u0438\u043d\u0443\u0442\u044b\" \/>\n<script type=\"application\/ld+json\" class=\"yoast-schema-graph\">{\"@context\":\"https:\/\/schema.org\",\"@graph\":[{\"@type\":\"WebPage\",\"@id\":\"https:\/\/www.oruvilla.ee\/seminar-ja-kaugtoo\/\",\"url\":\"https:\/\/www.oruvilla.ee\/seminar-ja-kaugtoo\/\",\"name\":\"\u0421\u0435\u043c\u0438\u043d\u0430\u0440 \u0432 \u042d\u0441\u0442\u043e\u043d\u0438\u0438 | \u0423\u0434\u0430\u043b\u0451\u043d\u043d\u0430\u044f \u0440\u0430\u0431\u043e\u0442\u0430 \u0432 \u0412\u044b\u0440\u0443\u043c\u0430\u0430 | \u0420\u044b\u0443\u0433\u0435\",\"isPartOf\":{\"@id\":\"https:\/\/www.oruvilla.ee\/#website\"},\"primaryImageOfPage\":{\"@id\":\"https:\/\/www.oruvilla.ee\/seminar-ja-kaugtoo\/#primaryimage\"},\"image\":{\"@id\":\"https:\/\/www.oruvilla.ee\/seminar-ja-kaugtoo\/#primaryimage\"},\"thumbnailUrl\":\"https:\/\/www.oruvilla.ee\/wp-content\/uploads\/2021\/05\/Kupland_14-2-scaled.jpg\",\"datePublished\":\"2021-05-04T12:26:23+00:00\",\"dateModified\":\"2024-01-02T19:48:19+00:00\",\"description\":\"\u041d\u0430\u0448\u0430 \u0432\u0438\u043b\u043b\u0430 \u0432\u0445\u043e\u0434\u0438\u0442 \u0432 \u0441\u0435\u0442\u044c \u0443\u0434\u0430\u043b\u0435\u043d\u043d\u043e\u0439 \u0440\u0430\u0431\u043e\u0442\u044b \u044e\u0433\u043e-\u0432\u043e\u0441\u0442\u043e\u0447\u043d\u043e\u0439 \u042d\u0441\u0442\u043e\u043d\u0438\u0438. \u041e\u0442\u043b\u0438\u0447\u043d\u043e\u0435 \u043c\u0435\u0441\u0442\u043e \u0434\u043b\u044f \u0443\u0434\u0430\u043b\u0435\u043d\u043d\u043e\u0439 \u0440\u0430\u0431\u043e\u0442\u044b \u0434\u043b\u044f \u0442\u043e\u0433\u043e, \u043a\u043e\u0433\u043e \u0432\u0434\u043e\u0445\u043d\u043e\u0432\u043b\u044f\u0435\u0442 \u044f\u0440\u043a\u0430\u044f \u0441\u0440\u0435\u0434\u0430.\",\"breadcrumb\":{\"@id\":\"https:\/\/www.oruvilla.ee\/seminar-ja-kaugtoo\/#breadcrumb\"},\"inLanguage\":\"ru-RU\",\"potentialAction\":[{\"@type\":\"ReadAction\",\"target\":[\"https:\/\/www.oruvilla.ee\/seminar-ja-kaugtoo\/\"]}]},{\"@type\":\"ImageObject\",\"inLanguage\":\"ru-RU\",\"@id\":\"https:\/\/www.oruvilla.ee\/seminar-ja-kaugtoo\/#primaryimage\",\"url\":\"https:\/\/www.oruvilla.ee\/wp-content\/uploads\/2021\/05\/Kupland_14-2-scaled.jpg\",\"contentUrl\":\"https:\/\/www.oruvilla.ee\/wp-content\/uploads\/2021\/05\/Kupland_14-2-scaled.jpg\"},{\"@type\":\"BreadcrumbList\",\"@id\":\"https:\/\/www.oruvilla.ee\/seminar-ja-kaugtoo\/#breadcrumb\",\"itemListElement\":[{\"@type\":\"ListItem\",\"position\":1,\"name\":\"Home\",\"item\":\"https:\/\/www.oruvilla.ee\/ru\/\"},{\"@type\":\"ListItem\",\"position\":2,\"name\":\"\u0421\u0435\u043c\u0438\u043d\u0430\u0440 \u0438 \u0443\u0434\u0430\u043b\u0435\u043d\u043d\u0430\u044f \u0440\u0430\u0431\u043e\u0442\u0430\"}]},{\"@type\":\"WebSite\",\"@id\":\"https:\/\/www.oruvilla.ee\/#website\",\"url\":\"https:\/\/www.oruvilla.ee\/\",\"name\":\"\u00d6\u00f6bikuoru villa\",\"description\":\"Romantiline majutus R\u00f5uges, V\u00f5rumaal\",\"potentialAction\":[{\"@type\":\"SearchAction\",\"target\":{\"@type\":\"EntryPoint\",\"urlTemplate\":\"https:\/\/www.oruvilla.ee\/?s={search_term_string}\"},\"query-input\":{\"@type\":\"PropertyValueSpecification\",\"valueRequired\":true,\"valueName\":\"search_term_string\"}}],\"inLanguage\":\"ru-RU\"}]}<\/script>\n<!-- \/ Yoast SEO plugin. -->","yoast_head_json":{"title":"\u0421\u0435\u043c\u0438\u043d\u0430\u0440 \u0432 \u042d\u0441\u0442\u043e\u043d\u0438\u0438 | \u0423\u0434\u0430\u043b\u0451\u043d\u043d\u0430\u044f \u0440\u0430\u0431\u043e\u0442\u0430 \u0432 \u0412\u044b\u0440\u0443\u043c\u0430\u0430 | \u0420\u044b\u0443\u0433\u0435","description":"\u041d\u0430\u0448\u0430 \u0432\u0438\u043b\u043b\u0430 \u0432\u0445\u043e\u0434\u0438\u0442 \u0432 \u0441\u0435\u0442\u044c \u0443\u0434\u0430\u043b\u0435\u043d\u043d\u043e\u0439 \u0440\u0430\u0431\u043e\u0442\u044b \u044e\u0433\u043e-\u0432\u043e\u0441\u0442\u043e\u0447\u043d\u043e\u0439 \u042d\u0441\u0442\u043e\u043d\u0438\u0438. \u041e\u0442\u043b\u0438\u0447\u043d\u043e\u0435 \u043c\u0435\u0441\u0442\u043e \u0434\u043b\u044f \u0443\u0434\u0430\u043b\u0435\u043d\u043d\u043e\u0439 \u0440\u0430\u0431\u043e\u0442\u044b \u0434\u043b\u044f \u0442\u043e\u0433\u043e, \u043a\u043e\u0433\u043e \u0432\u0434\u043e\u0445\u043d\u043e\u0432\u043b\u044f\u0435\u0442 \u044f\u0440\u043a\u0430\u044f \u0441\u0440\u0435\u0434\u0430.","robots":{"index":"index","follow":"follow","max-snippet":"max-snippet:-1","max-image-preview":"max-image-preview:large","max-video-preview":"max-video-preview:-1"},"canonical":"https:\/\/www.oruvilla.ee\/seminar-ja-kaugtoo\/","og_locale":"ru_RU","og_type":"article","og_title":"\u0421\u0435\u043c\u0438\u043d\u0430\u0440 \u0432 \u042d\u0441\u0442\u043e\u043d\u0438\u0438 | \u0423\u0434\u0430\u043b\u0451\u043d\u043d\u0430\u044f \u0440\u0430\u0431\u043e\u0442\u0430 \u0432 \u0412\u044b\u0440\u0443\u043c\u0430\u0430 | \u0420\u044b\u0443\u0433\u0435","og_description":"\u041d\u0430\u0448\u0430 \u0432\u0438\u043b\u043b\u0430 \u0432\u0445\u043e\u0434\u0438\u0442 \u0432 \u0441\u0435\u0442\u044c \u0443\u0434\u0430\u043b\u0435\u043d\u043d\u043e\u0439 \u0440\u0430\u0431\u043e\u0442\u044b \u044e\u0433\u043e-\u0432\u043e\u0441\u0442\u043e\u0447\u043d\u043e\u0439 \u042d\u0441\u0442\u043e\u043d\u0438\u0438. \u041e\u0442\u043b\u0438\u0447\u043d\u043e\u0435 \u043c\u0435\u0441\u0442\u043e \u0434\u043b\u044f \u0443\u0434\u0430\u043b\u0435\u043d\u043d\u043e\u0439 \u0440\u0430\u0431\u043e\u0442\u044b \u0434\u043b\u044f \u0442\u043e\u0433\u043e, \u043a\u043e\u0433\u043e \u0432\u0434\u043e\u0445\u043d\u043e\u0432\u043b\u044f\u0435\u0442 \u044f\u0440\u043a\u0430\u044f \u0441\u0440\u0435\u0434\u0430.","og_url":"https:\/\/www.oruvilla.ee\/seminar-ja-kaugtoo\/","og_site_name":"\u00d6\u00f6bikuoru villa","article_modified_time":"2024-01-02T19:48:19+00:00","og_image":[{"url":"https:\/\/www.oruvilla.ee\/wp-content\/uploads\/2021\/05\/Kupland_14-2-scaled.jpg"}],"twitter_card":"summary_large_image","twitter_misc":{"\u041f\u0440\u0438\u043c\u0435\u0440\u043d\u043e\u0435 \u0432\u0440\u0435\u043c\u044f \u0434\u043b\u044f \u0447\u0442\u0435\u043d\u0438\u044f":"2 \u043c\u0438\u043d\u0443\u0442\u044b"},"schema":{"@context":"https:\/\/schema.org","@graph":[{"@type":"WebPage","@id":"https:\/\/www.oruvilla.ee\/seminar-ja-kaugtoo\/","url":"https:\/\/www.oruvilla.ee\/seminar-ja-kaugtoo\/","name":"\u0421\u0435\u043c\u0438\u043d\u0430\u0440 \u0432 \u042d\u0441\u0442\u043e\u043d\u0438\u0438 | \u0423\u0434\u0430\u043b\u0451\u043d\u043d\u0430\u044f \u0440\u0430\u0431\u043e\u0442\u0430 \u0432 \u0412\u044b\u0440\u0443\u043c\u0430\u0430 | \u0420\u044b\u0443\u0433\u0435","isPartOf":{"@id":"https:\/\/www.oruvilla.ee\/#website"},"primaryImageOfPage":{"@id":"https:\/\/www.oruvilla.ee\/seminar-ja-kaugtoo\/#primaryimage"},"image":{"@id":"https:\/\/www.oruvilla.ee\/seminar-ja-kaugtoo\/#primaryimage"},"thumbnailUrl":"https:\/\/www.oruvilla.ee\/wp-content\/uploads\/2021\/05\/Kupland_14-2-scaled.jpg","datePublished":"2021-05-04T12:26:23+00:00","dateModified":"2024-01-02T19:48:19+00:00","description":"\u041d\u0430\u0448\u0430 \u0432\u0438\u043b\u043b\u0430 \u0432\u0445\u043e\u0434\u0438\u0442 \u0432 \u0441\u0435\u0442\u044c \u0443\u0434\u0430\u043b\u0435\u043d\u043d\u043e\u0439 \u0440\u0430\u0431\u043e\u0442\u044b \u044e\u0433\u043e-\u0432\u043e\u0441\u0442\u043e\u0447\u043d\u043e\u0439 \u042d\u0441\u0442\u043e\u043d\u0438\u0438. \u041e\u0442\u043b\u0438\u0447\u043d\u043e\u0435 \u043c\u0435\u0441\u0442\u043e \u0434\u043b\u044f \u0443\u0434\u0430\u043b\u0435\u043d\u043d\u043e\u0439 \u0440\u0430\u0431\u043e\u0442\u044b \u0434\u043b\u044f \u0442\u043e\u0433\u043e, \u043a\u043e\u0433\u043e \u0432\u0434\u043e\u0445\u043d\u043e\u0432\u043b\u044f\u0435\u0442 \u044f\u0440\u043a\u0430\u044f \u0441\u0440\u0435\u0434\u0430.","breadcrumb":{"@id":"https:\/\/www.oruvilla.ee\/seminar-ja-kaugtoo\/#breadcrumb"},"inLanguage":"ru-RU","potentialAction":[{"@type":"ReadAction","target":["https:\/\/www.oruvilla.ee\/seminar-ja-kaugtoo\/"]}]},{"@type":"ImageObject","inLanguage":"ru-RU","@id":"https:\/\/www.oruvilla.ee\/seminar-ja-kaugtoo\/#primaryimage","url":"https:\/\/www.oruvilla.ee\/wp-content\/uploads\/2021\/05\/Kupland_14-2-scaled.jpg","contentUrl":"https:\/\/www.oruvilla.ee\/wp-content\/uploads\/2021\/05\/Kupland_14-2-scaled.jpg"},{"@type":"BreadcrumbList","@id":"https:\/\/www.oruvilla.ee\/seminar-ja-kaugtoo\/#breadcrumb","itemListElement":[{"@type":"ListItem","position":1,"name":"Home","item":"https:\/\/www.oruvilla.ee\/ru\/"},{"@type":"ListItem","position":2,"name":"\u0421\u0435\u043c\u0438\u043d\u0430\u0440 \u0438 \u0443\u0434\u0430\u043b\u0435\u043d\u043d\u0430\u044f \u0440\u0430\u0431\u043e\u0442\u0430"}]},{"@type":"WebSite","@id":"https:\/\/www.oruvilla.ee\/#website","url":"https:\/\/www.oruvilla.ee\/","name":"\u00d6\u00f6bikuoru villa","description":"Romantiline majutus R\u00f5uges, V\u00f5rumaal","potentialAction":[{"@type":"SearchAction","target":{"@type":"EntryPoint","urlTemplate":"https:\/\/www.oruvilla.ee\/?s={search_term_string}"},"query-input":{"@type":"PropertyValueSpecification","valueRequired":true,"valueName":"search_term_string"}}],"inLanguage":"ru-RU"}]}},"_links":{"self":[{"href":"https:\/\/www.oruvilla.ee\/ru\/wp-json\/wp\/v2\/pages\/1644","targetHints":{"allow":["GET"]}}],"collection":[{"href":"https:\/\/www.oruvilla.ee\/ru\/wp-json\/wp\/v2\/pages"}],"about":[{"href":"https:\/\/www.oruvilla.ee\/ru\/wp-json\/wp\/v2\/types\/page"}],"author":[{"embeddable":true,"href":"https:\/\/www.oruvilla.ee\/ru\/wp-json\/wp\/v2\/users\/3"}],"replies":[{"embeddable":true,"href":"https:\/\/www.oruvilla.ee\/ru\/wp-json\/wp\/v2\/comments?post=1644"}],"version-history":[{"count":4,"href":"https:\/\/www.oruvilla.ee\/ru\/wp-json\/wp\/v2\/pages\/1644\/revisions"}],"predecessor-version":[{"id":2507,"href":"https:\/\/www.oruvilla.ee\/ru\/wp-json\/wp\/v2\/pages\/1644\/revisions\/2507"}],"wp:attachment":[{"href":"https:\/\/www.oruvilla.ee\/ru\/wp-json\/wp\/v2\/media?parent=1644"}],"curies":[{"name":"wp","href":"https:\/\/api.w.org\/{rel}","templated":true}]}}