{"id":1971,"date":"2022-03-03T14:07:34","date_gmt":"2022-03-03T14:07:34","guid":{"rendered":"https:\/\/www.oruvilla.ee\/andmete-tootlemine\/"},"modified":"2022-03-03T14:11:25","modified_gmt":"2022-03-03T14:11:25","slug":"privacy-policy","status":"publish","type":"page","link":"https:\/\/www.oruvilla.ee\/en\/privacy-policy\/","title":{"rendered":"Privacy policy"},"content":{"rendered":"\n<div class=\"wp-block-cover alignfull\" style=\"min-height:300px;aspect-ratio:unset;\"><span aria-hidden=\"true\" class=\"has-background-dim-30 wp-block-cover__gradient-background has-background-dim\"><\/span><img loading=\"lazy\" decoding=\"async\" width=\"2560\" height=\"1702\" class=\"wp-block-cover__image-background wp-image-59\" alt=\"\" src=\"https:\/\/www.oruvilla.ee\/wp-content\/uploads\/2021\/04\/9918-scaled.jpg\" style=\"object-position:52% 61%\" data-object-fit=\"cover\" data-object-position=\"52% 61%\" srcset=\"https:\/\/www.oruvilla.ee\/wp-content\/uploads\/2021\/04\/9918-scaled.jpg 2560w, https:\/\/www.oruvilla.ee\/wp-content\/uploads\/2021\/04\/9918-300x199.jpg 300w, https:\/\/www.oruvilla.ee\/wp-content\/uploads\/2021\/04\/9918-1024x681.jpg 1024w, https:\/\/www.oruvilla.ee\/wp-content\/uploads\/2021\/04\/9918-768x511.jpg 768w, https:\/\/www.oruvilla.ee\/wp-content\/uploads\/2021\/04\/9918-1536x1021.jpg 1536w, https:\/\/www.oruvilla.ee\/wp-content\/uploads\/2021\/04\/9918-2048x1362.jpg 2048w\" sizes=\"auto, (max-width: 2560px) 100vw, 2560px\" \/><div class=\"wp-block-cover__inner-container is-layout-flow wp-block-cover-is-layout-flow\">\n<h1 class=\"has-text-align-center has-white-color has-text-color has-huge-font-size wp-block-heading\" id=\"kohvik-restoran-andreas\">Privacy policy and principles of using cookies<\/h1>\n<\/div><\/div>\n\n\n\n<div class=\"wp-block-columns alignwide is-layout-flex wp-container-core-columns-is-layout-9d6595d7 wp-block-columns-is-layout-flex\">\n<div class=\"wp-block-column is-layout-flow wp-block-column-is-layout-flow\">\n<h2 class=\"wp-block-heading\">Privacy policy<\/h2>\n\n\n\n<p>1.1 Privacy policy applies to the Users of the Villa Nightingale website.<\/p>\n\n\n\n<p>Our company processes your personal information only to provide you with services (spa treatments, table reservation or newsletter subscription). We do not transmit, sell or disclose your data to third parties without your prior consent unless this is required by law.<\/p>\n\n\n\n<p><strong>Data collection<br><\/strong>Data collection upon filling conference\/spa service forms<br>1.2 Data provided by the Clients on conference\/spa service forms is categorised as either required or optional information.<br>1.3 Clients are required to provide the following information:<br>1.3.1 Name \u2015 required to complete and confirm bookings;<br>1.3.2 Email address \u2015 required to complete and confirm bookings and, if necessary, to submit invoices;<br>1.3.3 Phone number \u2015 required to complete and confirm bookings and to provide the service, incl. notification of any service disruptions.<\/p>\n\n\n\n<p><strong>Data storage period<br><\/strong>1.8. Villa Nightingale shall store the data for as long as it is needed to achieve the purpose of the use of data or when the statutory limitation period is over and the document storage period provided by law has come to an end (seven years as set out in the Value Added Tax Act and Accounting Act).<\/p>\n\n\n\n<p><strong>Client\u2019s rights regarding use of data<br><\/strong>1.9. The Subscriber has the right to receive information from Villa Nightingale about the use of their data pursuant to the procedure and extent provided for in legislation;<br>1.10. the Subscriber has the right to ask Villa Nightingale to stop using their data and to correct, close or delete their data;<br>1.11. the Subscriber has the right to agree to or forbid the use of their data for direct marketing or commercial purposes;<br>1.12. the Subscriber has the right to turn to the Data Protection Inspectorate and court to protect their rights.<br>1.13 In cases involving any personal information, you have the right to send us an email <a href=\"mailto:villa@oruvilla.ee\" target=\"_blank\" rel=\"noreferrer noopener\">villa@oruvilla.ee<\/a> or call the number +372 50 99 666.<\/p>\n<\/div>\n\n\n\n<div class=\"wp-block-column is-layout-flow wp-block-column-is-layout-flow\">\n<h2 class=\"wp-block-heading\">Principles of using cookies<\/h2>\n\n\n\n<p><strong>Using cookies<br><\/strong>2.1. Villa Nightingale websites use cookies to provide a better service for users.<br>2.2. Domains belonging to Villa Nightingale may, among other things, include an element that saves cookies for third parties.<\/p>\n\n\n\n<p><strong>Declining cookies<br><\/strong>2.3. The User has the right not to allow cookies to be saved on their computer. If the Subscriber wishes to decline cookies, they must change their browser settings.<br>2.4. Different browsers use different methods to decline cookies. More information can be found on the website <a href=\"https:\/\/www.allaboutcookies.org\/\" target=\"_blank\" rel=\"noreferrer noopener\">https:\/\/www.allaboutcookies.org\/<\/a>.<br>2.5. The User has to take into account that not all of the website\u2019s functions may be available to them if they block cookies.<\/p>\n\n\n\n<p><strong>What is a cookie?<br><\/strong>2.6. A cookie is a text file which is sent to and saved on the User\u2019s computer by the websites that the user visits. Cookies are saved in the directory of files in the User\u2019s browser. If the User has previously visited a website, the browser will read the cookie and forward this information to the website or element that originally saved the cookie. Additional information about cookies can be found on the website <a href=\"https:\/\/www.allaboutcookies.org\/\" target=\"_blank\" rel=\"noreferrer noopener\">https:\/\/www.allaboutcookies.org\/<\/a>.<br>2.7. Cookies enable statistics regarding website use and the popularity of different sections and other actions on a website to be monitored. The information received by the cookies is utilised to make the website more convenient to use and to improve the content of the website.<\/p>\n\n\n\n<p><strong>Types of cookies used on website<br><\/strong>2.8. Permanent cookies are necessary to navigate the website and use its contents. Users are unable to use all of the website\u2019s functions without permanent cookies.<br>2.9. Session cookies enable the website to remember previous choices made by the User (username, language settings, etc.) and provide more efficient and personal functions.<br>2.10. Tracking cookies collect data about a user\u2019s behaviour on the website. Information received by tracking cookies helps make the website more convenient to use.<\/p>\n<\/div>\n<\/div>\n","protected":false},"excerpt":{"rendered":"<p>Privacy policy 1.1 Privacy policy applies to the Users of the Villa Nightingale website. Our company processes your personal information only to provide you with services (spa treatments, table reservation or newsletter subscription). We do not transmit, sell or disclose your data to third parties without your prior consent unless this is required by law. [&hellip;]<\/p>\n","protected":false},"author":2,"featured_media":0,"parent":0,"menu_order":0,"comment_status":"closed","ping_status":"closed","template":"","meta":{"footnotes":""},"class_list":["post-1971","page","type-page","status-publish","hentry"],"yoast_head":"<!-- This site is optimized with the Yoast SEO plugin v23.6 - https:\/\/yoast.com\/wordpress\/plugins\/seo\/ -->\n<title>Privacy policy - \u00d6\u00f6bikuoru villa<\/title>\n<meta name=\"robots\" content=\"index, follow, max-snippet:-1, max-image-preview:large, max-video-preview:-1\" \/>\n<link rel=\"canonical\" href=\"https:\/\/www.oruvilla.ee\/andmete-tootlemine\/\" \/>\n<meta property=\"og:locale\" content=\"en_US\" \/>\n<meta property=\"og:type\" content=\"article\" \/>\n<meta property=\"og:title\" content=\"Privacy policy - \u00d6\u00f6bikuoru villa\" \/>\n<meta property=\"og:description\" content=\"Privacy policy 1.1 Privacy policy applies to the Users of the Villa Nightingale website. Our company processes your personal information only to provide you with services (spa treatments, table reservation or newsletter subscription). We do not transmit, sell or disclose your data to third parties without your prior consent unless this is required by law. [&hellip;]\" \/>\n<meta property=\"og:url\" content=\"https:\/\/www.oruvilla.ee\/andmete-tootlemine\/\" \/>\n<meta property=\"og:site_name\" content=\"\u00d6\u00f6bikuoru villa\" \/>\n<meta property=\"article:modified_time\" content=\"2022-03-03T14:11:25+00:00\" \/>\n<meta property=\"og:image\" content=\"https:\/\/www.oruvilla.ee\/wp-content\/uploads\/2021\/04\/9918-scaled.jpg\" \/>\n<meta name=\"twitter:card\" content=\"summary_large_image\" \/>\n<meta name=\"twitter:label1\" content=\"Est. reading time\" \/>\n\t<meta name=\"twitter:data1\" content=\"4 minutes\" \/>\n<script type=\"application\/ld+json\" class=\"yoast-schema-graph\">{\"@context\":\"https:\/\/schema.org\",\"@graph\":[{\"@type\":\"WebPage\",\"@id\":\"https:\/\/www.oruvilla.ee\/andmete-tootlemine\/\",\"url\":\"https:\/\/www.oruvilla.ee\/andmete-tootlemine\/\",\"name\":\"Privacy policy - \u00d6\u00f6bikuoru villa\",\"isPartOf\":{\"@id\":\"https:\/\/www.oruvilla.ee\/#website\"},\"primaryImageOfPage\":{\"@id\":\"https:\/\/www.oruvilla.ee\/andmete-tootlemine\/#primaryimage\"},\"image\":{\"@id\":\"https:\/\/www.oruvilla.ee\/andmete-tootlemine\/#primaryimage\"},\"thumbnailUrl\":\"https:\/\/www.oruvilla.ee\/wp-content\/uploads\/2021\/04\/9918-scaled.jpg\",\"datePublished\":\"2022-03-03T14:07:34+00:00\",\"dateModified\":\"2022-03-03T14:11:25+00:00\",\"breadcrumb\":{\"@id\":\"https:\/\/www.oruvilla.ee\/andmete-tootlemine\/#breadcrumb\"},\"inLanguage\":\"en-US\",\"potentialAction\":[{\"@type\":\"ReadAction\",\"target\":[\"https:\/\/www.oruvilla.ee\/andmete-tootlemine\/\"]}]},{\"@type\":\"ImageObject\",\"inLanguage\":\"en-US\",\"@id\":\"https:\/\/www.oruvilla.ee\/andmete-tootlemine\/#primaryimage\",\"url\":\"https:\/\/www.oruvilla.ee\/wp-content\/uploads\/2021\/04\/9918-scaled.jpg\",\"contentUrl\":\"https:\/\/www.oruvilla.ee\/wp-content\/uploads\/2021\/04\/9918-scaled.jpg\"},{\"@type\":\"BreadcrumbList\",\"@id\":\"https:\/\/www.oruvilla.ee\/andmete-tootlemine\/#breadcrumb\",\"itemListElement\":[{\"@type\":\"ListItem\",\"position\":1,\"name\":\"Home\",\"item\":\"https:\/\/www.oruvilla.ee\/en\/\"},{\"@type\":\"ListItem\",\"position\":2,\"name\":\"Privacy policy\"}]},{\"@type\":\"WebSite\",\"@id\":\"https:\/\/www.oruvilla.ee\/#website\",\"url\":\"https:\/\/www.oruvilla.ee\/\",\"name\":\"\u00d6\u00f6bikuoru villa\",\"description\":\"Romantiline majutus R\u00f5uges, V\u00f5rumaal\",\"potentialAction\":[{\"@type\":\"SearchAction\",\"target\":{\"@type\":\"EntryPoint\",\"urlTemplate\":\"https:\/\/www.oruvilla.ee\/?s={search_term_string}\"},\"query-input\":{\"@type\":\"PropertyValueSpecification\",\"valueRequired\":true,\"valueName\":\"search_term_string\"}}],\"inLanguage\":\"en-US\"}]}<\/script>\n<!-- \/ Yoast SEO plugin. -->","yoast_head_json":{"title":"Privacy policy - \u00d6\u00f6bikuoru villa","robots":{"index":"index","follow":"follow","max-snippet":"max-snippet:-1","max-image-preview":"max-image-preview:large","max-video-preview":"max-video-preview:-1"},"canonical":"https:\/\/www.oruvilla.ee\/andmete-tootlemine\/","og_locale":"en_US","og_type":"article","og_title":"Privacy policy - \u00d6\u00f6bikuoru villa","og_description":"Privacy policy 1.1 Privacy policy applies to the Users of the Villa Nightingale website. Our company processes your personal information only to provide you with services (spa treatments, table reservation or newsletter subscription). We do not transmit, sell or disclose your data to third parties without your prior consent unless this is required by law. [&hellip;]","og_url":"https:\/\/www.oruvilla.ee\/andmete-tootlemine\/","og_site_name":"\u00d6\u00f6bikuoru villa","article_modified_time":"2022-03-03T14:11:25+00:00","og_image":[{"url":"https:\/\/www.oruvilla.ee\/wp-content\/uploads\/2021\/04\/9918-scaled.jpg"}],"twitter_card":"summary_large_image","twitter_misc":{"Est. reading time":"4 minutes"},"schema":{"@context":"https:\/\/schema.org","@graph":[{"@type":"WebPage","@id":"https:\/\/www.oruvilla.ee\/andmete-tootlemine\/","url":"https:\/\/www.oruvilla.ee\/andmete-tootlemine\/","name":"Privacy policy - \u00d6\u00f6bikuoru villa","isPartOf":{"@id":"https:\/\/www.oruvilla.ee\/#website"},"primaryImageOfPage":{"@id":"https:\/\/www.oruvilla.ee\/andmete-tootlemine\/#primaryimage"},"image":{"@id":"https:\/\/www.oruvilla.ee\/andmete-tootlemine\/#primaryimage"},"thumbnailUrl":"https:\/\/www.oruvilla.ee\/wp-content\/uploads\/2021\/04\/9918-scaled.jpg","datePublished":"2022-03-03T14:07:34+00:00","dateModified":"2022-03-03T14:11:25+00:00","breadcrumb":{"@id":"https:\/\/www.oruvilla.ee\/andmete-tootlemine\/#breadcrumb"},"inLanguage":"en-US","potentialAction":[{"@type":"ReadAction","target":["https:\/\/www.oruvilla.ee\/andmete-tootlemine\/"]}]},{"@type":"ImageObject","inLanguage":"en-US","@id":"https:\/\/www.oruvilla.ee\/andmete-tootlemine\/#primaryimage","url":"https:\/\/www.oruvilla.ee\/wp-content\/uploads\/2021\/04\/9918-scaled.jpg","contentUrl":"https:\/\/www.oruvilla.ee\/wp-content\/uploads\/2021\/04\/9918-scaled.jpg"},{"@type":"BreadcrumbList","@id":"https:\/\/www.oruvilla.ee\/andmete-tootlemine\/#breadcrumb","itemListElement":[{"@type":"ListItem","position":1,"name":"Home","item":"https:\/\/www.oruvilla.ee\/en\/"},{"@type":"ListItem","position":2,"name":"Privacy policy"}]},{"@type":"WebSite","@id":"https:\/\/www.oruvilla.ee\/#website","url":"https:\/\/www.oruvilla.ee\/","name":"\u00d6\u00f6bikuoru villa","description":"Romantiline majutus R\u00f5uges, V\u00f5rumaal","potentialAction":[{"@type":"SearchAction","target":{"@type":"EntryPoint","urlTemplate":"https:\/\/www.oruvilla.ee\/?s={search_term_string}"},"query-input":{"@type":"PropertyValueSpecification","valueRequired":true,"valueName":"search_term_string"}}],"inLanguage":"en-US"}]}},"_links":{"self":[{"href":"https:\/\/www.oruvilla.ee\/en\/wp-json\/wp\/v2\/pages\/1971","targetHints":{"allow":["GET"]}}],"collection":[{"href":"https:\/\/www.oruvilla.ee\/en\/wp-json\/wp\/v2\/pages"}],"about":[{"href":"https:\/\/www.oruvilla.ee\/en\/wp-json\/wp\/v2\/types\/page"}],"author":[{"embeddable":true,"href":"https:\/\/www.oruvilla.ee\/en\/wp-json\/wp\/v2\/users\/2"}],"replies":[{"embeddable":true,"href":"https:\/\/www.oruvilla.ee\/en\/wp-json\/wp\/v2\/comments?post=1971"}],"version-history":[{"count":1,"href":"https:\/\/www.oruvilla.ee\/en\/wp-json\/wp\/v2\/pages\/1971\/revisions"}],"predecessor-version":[{"id":1974,"href":"https:\/\/www.oruvilla.ee\/en\/wp-json\/wp\/v2\/pages\/1971\/revisions\/1974"}],"wp:attachment":[{"href":"https:\/\/www.oruvilla.ee\/en\/wp-json\/wp\/v2\/media?parent=1971"}],"curies":[{"name":"wp","href":"https:\/\/api.w.org\/{rel}","templated":true}]}}