{"id":1556,"date":"2021-06-03T10:27:45","date_gmt":"2021-06-03T10:27:45","guid":{"rendered":"https:\/\/www.oruvilla.ee\/uudised\/"},"modified":"2021-08-31T11:32:42","modified_gmt":"2021-08-31T11:32:42","slug":"estonia-news","status":"publish","type":"page","link":"https:\/\/www.oruvilla.ee\/en\/estonia-news\/","title":{"rendered":"News"},"content":{"rendered":"\n<div class=\"wp-block-cover alignwide has-background-dim-30 has-background-dim\" style=\"min-height:300px;aspect-ratio:unset;\"><img loading=\"lazy\" decoding=\"async\" width=\"1600\" height=\"800\" class=\"wp-block-cover__image-background wp-image-704\" alt=\"\" src=\"https:\/\/www.oruvilla.ee\/wp-content\/uploads\/2021\/05\/villa-web-Martin-Mark.jpg\" style=\"object-position:57% 44%\" data-object-fit=\"cover\" data-object-position=\"57% 44%\" srcset=\"https:\/\/www.oruvilla.ee\/wp-content\/uploads\/2021\/05\/villa-web-Martin-Mark.jpg 1600w, https:\/\/www.oruvilla.ee\/wp-content\/uploads\/2021\/05\/villa-web-Martin-Mark-300x150.jpg 300w, https:\/\/www.oruvilla.ee\/wp-content\/uploads\/2021\/05\/villa-web-Martin-Mark-1024x512.jpg 1024w, https:\/\/www.oruvilla.ee\/wp-content\/uploads\/2021\/05\/villa-web-Martin-Mark-768x384.jpg 768w, https:\/\/www.oruvilla.ee\/wp-content\/uploads\/2021\/05\/villa-web-Martin-Mark-1536x768.jpg 1536w\" sizes=\"auto, (max-width: 1600px) 100vw, 1600px\" \/><div class=\"wp-block-cover__inner-container is-layout-flow wp-block-cover-is-layout-flow\">\n<h1 class=\"alignwide has-text-align-center has-huge-font-size wp-block-heading\">News<\/h1>\n<\/div><\/div>\n\n\n\n<p><\/p>\n\n\n\n[fts_facebook type=page id=366394310037533 access_token=EAAP9hArvboQBAIs5lqJEL0TLt5ZCn4DMb7DDLW7yPpoBP4XFUYRemb7vUfdIj1Y9OCWhDfmHlNpn7ekXiGJySZAqnMcwJKXnw6a4j2yVmwbpGARnWDM8d4zDUvFEhishtL3OpPEtyXKg2YnIB1GIqZBvq9V7TyiVB7ZAE82JnWSTiSrolc38 posts=6 description=yes posts_displayed=page_only images_align=left]\n","protected":false},"excerpt":{"rendered":"<p>[fts_facebook type=page id=366394310037533 access_token=EAAP9hArvboQBAIs5lqJEL0TLt5ZCn4DMb7DDLW7yPpoBP4XFUYRemb7vUfdIj1Y9OCWhDfmHlNpn7ekXiGJySZAqnMcwJKXnw6a4j2yVmwbpGARnWDM8d4zDUvFEhishtL3OpPEtyXKg2YnIB1GIqZBvq9V7TyiVB7ZAE82JnWSTiSrolc38 posts=6 description=yes posts_displayed=page_only images_align=left]<\/p>\n","protected":false},"author":3,"featured_media":0,"parent":0,"menu_order":0,"comment_status":"closed","ping_status":"closed","template":"","meta":{"footnotes":""},"class_list":["post-1556","page","type-page","status-publish","hentry"],"yoast_head":"<!-- This site is optimized with the Yoast SEO plugin v23.6 - https:\/\/yoast.com\/wordpress\/plugins\/seo\/ -->\n<title>News - \u00d6\u00f6bikuoru villa<\/title>\n<meta name=\"robots\" content=\"index, follow, max-snippet:-1, max-image-preview:large, max-video-preview:-1\" \/>\n<link rel=\"canonical\" href=\"https:\/\/www.oruvilla.ee\/uudised\/\" \/>\n<meta property=\"og:locale\" content=\"en_US\" \/>\n<meta property=\"og:type\" content=\"article\" \/>\n<meta property=\"og:title\" content=\"News - \u00d6\u00f6bikuoru villa\" \/>\n<meta property=\"og:description\" content=\"[fts_facebook type=page id=366394310037533 access_token=EAAP9hArvboQBAIs5lqJEL0TLt5ZCn4DMb7DDLW7yPpoBP4XFUYRemb7vUfdIj1Y9OCWhDfmHlNpn7ekXiGJySZAqnMcwJKXnw6a4j2yVmwbpGARnWDM8d4zDUvFEhishtL3OpPEtyXKg2YnIB1GIqZBvq9V7TyiVB7ZAE82JnWSTiSrolc38 posts=6 description=yes posts_displayed=page_only images_align=left]\" \/>\n<meta property=\"og:url\" content=\"https:\/\/www.oruvilla.ee\/uudised\/\" \/>\n<meta property=\"og:site_name\" content=\"\u00d6\u00f6bikuoru villa\" \/>\n<meta property=\"article:modified_time\" content=\"2021-08-31T11:32:42+00:00\" \/>\n<meta property=\"og:image\" content=\"https:\/\/www.oruvilla.ee\/wp-content\/uploads\/2021\/05\/villa-web-Martin-Mark.jpg\" \/>\n<meta name=\"twitter:card\" content=\"summary_large_image\" \/>\n<meta name=\"twitter:label1\" content=\"Est. reading time\" \/>\n\t<meta name=\"twitter:data1\" content=\"1 minute\" \/>\n<script type=\"application\/ld+json\" class=\"yoast-schema-graph\">{\"@context\":\"https:\/\/schema.org\",\"@graph\":[{\"@type\":\"WebPage\",\"@id\":\"https:\/\/www.oruvilla.ee\/uudised\/\",\"url\":\"https:\/\/www.oruvilla.ee\/uudised\/\",\"name\":\"News - \u00d6\u00f6bikuoru villa\",\"isPartOf\":{\"@id\":\"https:\/\/www.oruvilla.ee\/#website\"},\"primaryImageOfPage\":{\"@id\":\"https:\/\/www.oruvilla.ee\/uudised\/#primaryimage\"},\"image\":{\"@id\":\"https:\/\/www.oruvilla.ee\/uudised\/#primaryimage\"},\"thumbnailUrl\":\"https:\/\/www.oruvilla.ee\/wp-content\/uploads\/2021\/05\/villa-web-Martin-Mark.jpg\",\"datePublished\":\"2021-06-03T10:27:45+00:00\",\"dateModified\":\"2021-08-31T11:32:42+00:00\",\"breadcrumb\":{\"@id\":\"https:\/\/www.oruvilla.ee\/uudised\/#breadcrumb\"},\"inLanguage\":\"en-US\",\"potentialAction\":[{\"@type\":\"ReadAction\",\"target\":[\"https:\/\/www.oruvilla.ee\/uudised\/\"]}]},{\"@type\":\"ImageObject\",\"inLanguage\":\"en-US\",\"@id\":\"https:\/\/www.oruvilla.ee\/uudised\/#primaryimage\",\"url\":\"https:\/\/www.oruvilla.ee\/wp-content\/uploads\/2021\/05\/villa-web-Martin-Mark.jpg\",\"contentUrl\":\"https:\/\/www.oruvilla.ee\/wp-content\/uploads\/2021\/05\/villa-web-Martin-Mark.jpg\"},{\"@type\":\"BreadcrumbList\",\"@id\":\"https:\/\/www.oruvilla.ee\/uudised\/#breadcrumb\",\"itemListElement\":[{\"@type\":\"ListItem\",\"position\":1,\"name\":\"Home\",\"item\":\"https:\/\/www.oruvilla.ee\/en\/\"},{\"@type\":\"ListItem\",\"position\":2,\"name\":\"News\"}]},{\"@type\":\"WebSite\",\"@id\":\"https:\/\/www.oruvilla.ee\/#website\",\"url\":\"https:\/\/www.oruvilla.ee\/\",\"name\":\"\u00d6\u00f6bikuoru villa\",\"description\":\"Romantiline majutus R\u00f5uges, V\u00f5rumaal\",\"potentialAction\":[{\"@type\":\"SearchAction\",\"target\":{\"@type\":\"EntryPoint\",\"urlTemplate\":\"https:\/\/www.oruvilla.ee\/?s={search_term_string}\"},\"query-input\":{\"@type\":\"PropertyValueSpecification\",\"valueRequired\":true,\"valueName\":\"search_term_string\"}}],\"inLanguage\":\"en-US\"}]}<\/script>\n<!-- \/ Yoast SEO plugin. -->","yoast_head_json":{"title":"News - \u00d6\u00f6bikuoru villa","robots":{"index":"index","follow":"follow","max-snippet":"max-snippet:-1","max-image-preview":"max-image-preview:large","max-video-preview":"max-video-preview:-1"},"canonical":"https:\/\/www.oruvilla.ee\/uudised\/","og_locale":"en_US","og_type":"article","og_title":"News - \u00d6\u00f6bikuoru villa","og_description":"[fts_facebook type=page id=366394310037533 access_token=EAAP9hArvboQBAIs5lqJEL0TLt5ZCn4DMb7DDLW7yPpoBP4XFUYRemb7vUfdIj1Y9OCWhDfmHlNpn7ekXiGJySZAqnMcwJKXnw6a4j2yVmwbpGARnWDM8d4zDUvFEhishtL3OpPEtyXKg2YnIB1GIqZBvq9V7TyiVB7ZAE82JnWSTiSrolc38 posts=6 description=yes posts_displayed=page_only images_align=left]","og_url":"https:\/\/www.oruvilla.ee\/uudised\/","og_site_name":"\u00d6\u00f6bikuoru villa","article_modified_time":"2021-08-31T11:32:42+00:00","og_image":[{"url":"https:\/\/www.oruvilla.ee\/wp-content\/uploads\/2021\/05\/villa-web-Martin-Mark.jpg"}],"twitter_card":"summary_large_image","twitter_misc":{"Est. reading time":"1 minute"},"schema":{"@context":"https:\/\/schema.org","@graph":[{"@type":"WebPage","@id":"https:\/\/www.oruvilla.ee\/uudised\/","url":"https:\/\/www.oruvilla.ee\/uudised\/","name":"News - \u00d6\u00f6bikuoru villa","isPartOf":{"@id":"https:\/\/www.oruvilla.ee\/#website"},"primaryImageOfPage":{"@id":"https:\/\/www.oruvilla.ee\/uudised\/#primaryimage"},"image":{"@id":"https:\/\/www.oruvilla.ee\/uudised\/#primaryimage"},"thumbnailUrl":"https:\/\/www.oruvilla.ee\/wp-content\/uploads\/2021\/05\/villa-web-Martin-Mark.jpg","datePublished":"2021-06-03T10:27:45+00:00","dateModified":"2021-08-31T11:32:42+00:00","breadcrumb":{"@id":"https:\/\/www.oruvilla.ee\/uudised\/#breadcrumb"},"inLanguage":"en-US","potentialAction":[{"@type":"ReadAction","target":["https:\/\/www.oruvilla.ee\/uudised\/"]}]},{"@type":"ImageObject","inLanguage":"en-US","@id":"https:\/\/www.oruvilla.ee\/uudised\/#primaryimage","url":"https:\/\/www.oruvilla.ee\/wp-content\/uploads\/2021\/05\/villa-web-Martin-Mark.jpg","contentUrl":"https:\/\/www.oruvilla.ee\/wp-content\/uploads\/2021\/05\/villa-web-Martin-Mark.jpg"},{"@type":"BreadcrumbList","@id":"https:\/\/www.oruvilla.ee\/uudised\/#breadcrumb","itemListElement":[{"@type":"ListItem","position":1,"name":"Home","item":"https:\/\/www.oruvilla.ee\/en\/"},{"@type":"ListItem","position":2,"name":"News"}]},{"@type":"WebSite","@id":"https:\/\/www.oruvilla.ee\/#website","url":"https:\/\/www.oruvilla.ee\/","name":"\u00d6\u00f6bikuoru villa","description":"Romantiline majutus R\u00f5uges, V\u00f5rumaal","potentialAction":[{"@type":"SearchAction","target":{"@type":"EntryPoint","urlTemplate":"https:\/\/www.oruvilla.ee\/?s={search_term_string}"},"query-input":{"@type":"PropertyValueSpecification","valueRequired":true,"valueName":"search_term_string"}}],"inLanguage":"en-US"}]}},"_links":{"self":[{"href":"https:\/\/www.oruvilla.ee\/en\/wp-json\/wp\/v2\/pages\/1556","targetHints":{"allow":["GET"]}}],"collection":[{"href":"https:\/\/www.oruvilla.ee\/en\/wp-json\/wp\/v2\/pages"}],"about":[{"href":"https:\/\/www.oruvilla.ee\/en\/wp-json\/wp\/v2\/types\/page"}],"author":[{"embeddable":true,"href":"https:\/\/www.oruvilla.ee\/en\/wp-json\/wp\/v2\/users\/3"}],"replies":[{"embeddable":true,"href":"https:\/\/www.oruvilla.ee\/en\/wp-json\/wp\/v2\/comments?post=1556"}],"version-history":[{"count":1,"href":"https:\/\/www.oruvilla.ee\/en\/wp-json\/wp\/v2\/pages\/1556\/revisions"}],"predecessor-version":[{"id":1557,"href":"https:\/\/www.oruvilla.ee\/en\/wp-json\/wp\/v2\/pages\/1556\/revisions\/1557"}],"wp:attachment":[{"href":"https:\/\/www.oruvilla.ee\/en\/wp-json\/wp\/v2\/media?parent=1556"}],"curies":[{"name":"wp","href":"https:\/\/api.w.org\/{rel}","templated":true}]}}