{"id":1533,"date":"2021-05-04T12:26:23","date_gmt":"2021-05-04T12:26:23","guid":{"rendered":"https:\/\/www.oruvilla.ee\/seminar-ja-kaugtoo\/"},"modified":"2024-01-02T19:47:46","modified_gmt":"2024-01-02T19:47:46","slug":"seminar-in-estonia","status":"publish","type":"page","link":"https:\/\/www.oruvilla.ee\/en\/seminar-in-estonia\/","title":{"rendered":"Seminar and teleworking"},"content":{"rendered":"\n<div class=\"wp-block-cover alignwide is-light\" style=\"min-height:300px;aspect-ratio:unset;\"><span aria-hidden=\"true\" class=\"wp-block-cover__background has-background-dim-30 has-background-dim\"><\/span><img loading=\"lazy\" decoding=\"async\" width=\"2560\" height=\"1706\" class=\"wp-block-cover__image-background wp-image-322\" alt=\"\" src=\"https:\/\/www.oruvilla.ee\/wp-content\/uploads\/2021\/05\/Kupland_14-2-scaled.jpg\" style=\"object-position:50% 41%\" data-object-fit=\"cover\" data-object-position=\"50% 41%\" srcset=\"https:\/\/www.oruvilla.ee\/wp-content\/uploads\/2021\/05\/Kupland_14-2-scaled.jpg 2560w, https:\/\/www.oruvilla.ee\/wp-content\/uploads\/2021\/05\/Kupland_14-2-300x200.jpg 300w, https:\/\/www.oruvilla.ee\/wp-content\/uploads\/2021\/05\/Kupland_14-2-1024x683.jpg 1024w, https:\/\/www.oruvilla.ee\/wp-content\/uploads\/2021\/05\/Kupland_14-2-768x512.jpg 768w, https:\/\/www.oruvilla.ee\/wp-content\/uploads\/2021\/05\/Kupland_14-2-1536x1024.jpg 1536w, https:\/\/www.oruvilla.ee\/wp-content\/uploads\/2021\/05\/Kupland_14-2-2048x1365.jpg 2048w\" sizes=\"auto, (max-width: 2560px) 100vw, 2560px\" \/><div class=\"wp-block-cover__inner-container is-layout-flow wp-block-cover-is-layout-flow\">\n<h1 class=\"wp-block-heading has-text-align-center has-huge-font-size\">Seminar and teleworking<\/h1>\n<\/div><\/div>\n\n\n\n<p class=\"has-drop-cap has-text-align-left has-background has-normal-font-size\" style=\"background-color:#f6b1b6\">Villa Nightingale is a member of Southeastern Estonia Kupland outwork network and the best place for teleworking. There is an ergonomic office chair on request and good lighting in our cozy room no. 5.<\/p>\n\n\n\n<div class=\"wp-block-media-text alignwide has-media-on-the-right is-stacked-on-mobile animated zoomIn faster\"><div class=\"wp-block-media-text__content\">\n<figure class=\"wp-block-image size-large is-resized\"><img loading=\"lazy\" decoding=\"async\" width=\"1024\" height=\"1024\" src=\"https:\/\/www.oruvilla.ee\/wp-content\/uploads\/2021\/05\/kupland_logomark-1024x1024.png\" alt=\"\" class=\"wp-image-687\" style=\"width:57px;height:57px\" srcset=\"https:\/\/www.oruvilla.ee\/wp-content\/uploads\/2021\/05\/kupland_logomark-1024x1024.png 1024w, https:\/\/www.oruvilla.ee\/wp-content\/uploads\/2021\/05\/kupland_logomark-300x300.png 300w, https:\/\/www.oruvilla.ee\/wp-content\/uploads\/2021\/05\/kupland_logomark-150x150.png 150w, https:\/\/www.oruvilla.ee\/wp-content\/uploads\/2021\/05\/kupland_logomark-768x768.png 768w, https:\/\/www.oruvilla.ee\/wp-content\/uploads\/2021\/05\/kupland_logomark-1536x1536.png 1536w, https:\/\/www.oruvilla.ee\/wp-content\/uploads\/2021\/05\/kupland_logomark-2048x2048.png 2048w\" sizes=\"auto, (max-width: 1024px) 100vw, 1024px\" \/><\/figure>\n\n\n\n<p>There should be stretching and relaxation breaks during the work. As the Villa is located among the most authentic domes in <a href=\"https:\/\/kupland.ee\/en\" target=\"_blank\" rel=\"noreferrer noopener\">Kupland<\/a>, you can take both shorter and longer walks. Famous Pesapuu lookout tower is located close to the Villa. This offers a view of the entire Nightingale. It is also possible to order restaurant food and massage (for extra charge). <a href=\"https:\/\/kupland.ee\/en\/locations\/oobikuoru-villa\" target=\"_blank\" rel=\"noreferrer noopener\">Read more<\/a><\/p>\n\n\n\n<p class=\"has-text-align-center\">Accommodation;<br>Breakfast;<br>Healing salt chamber;<br>Early check-in and late check-out if agreed in advance;<br>Book a package for more than 3 nights and get additional discount -10%.<\/p>\n\n\n\n<p class=\"has-text-align-center\"><strong>Price from 58 \u20ac \/ per person<\/strong><\/p>\n\n\n\n<div class=\"wp-block-buttons is-horizontal is-content-justification-center is-layout-flex wp-container-core-buttons-is-layout-499968f5 wp-block-buttons-is-layout-flex\"><div class=\"wp-block-button-wrapper\">\n<div class=\"wp-block-button is-style-fill\"><a class=\"wp-block-button__link has-white-color has-black-background-color has-text-color has-background no-border-radius wp-element-button\">Book a package<\/a><\/div>\n<\/div><\/div>\n<\/div><figure class=\"wp-block-media-text__media\"><img loading=\"lazy\" decoding=\"async\" width=\"1024\" height=\"683\" src=\"https:\/\/www.oruvilla.ee\/wp-content\/uploads\/2021\/05\/Oobikuorg1-1024x683.jpg\" alt=\"\" class=\"wp-image-280 size-full\" srcset=\"https:\/\/www.oruvilla.ee\/wp-content\/uploads\/2021\/05\/Oobikuorg1-1024x683.jpg 1024w, https:\/\/www.oruvilla.ee\/wp-content\/uploads\/2021\/05\/Oobikuorg1-300x200.jpg 300w, https:\/\/www.oruvilla.ee\/wp-content\/uploads\/2021\/05\/Oobikuorg1-768x512.jpg 768w, https:\/\/www.oruvilla.ee\/wp-content\/uploads\/2021\/05\/Oobikuorg1-1536x1024.jpg 1536w, https:\/\/www.oruvilla.ee\/wp-content\/uploads\/2021\/05\/Oobikuorg1-2048x1365.jpg 2048w\" sizes=\"auto, (max-width: 1024px) 100vw, 1024px\" \/><\/figure><\/div>\n\n\n\n<div class=\"wp-block-media-text alignwide is-stacked-on-mobile\"><figure class=\"wp-block-media-text__media\"><img loading=\"lazy\" decoding=\"async\" width=\"1024\" height=\"683\" src=\"https:\/\/www.oruvilla.ee\/wp-content\/uploads\/2021\/05\/seminar-markus-winkler-unsplash-1024x683.jpg\" alt=\"\" class=\"wp-image-442 size-full\" srcset=\"https:\/\/www.oruvilla.ee\/wp-content\/uploads\/2021\/05\/seminar-markus-winkler-unsplash-1024x683.jpg 1024w, https:\/\/www.oruvilla.ee\/wp-content\/uploads\/2021\/05\/seminar-markus-winkler-unsplash-300x200.jpg 300w, https:\/\/www.oruvilla.ee\/wp-content\/uploads\/2021\/05\/seminar-markus-winkler-unsplash-768x512.jpg 768w, https:\/\/www.oruvilla.ee\/wp-content\/uploads\/2021\/05\/seminar-markus-winkler-unsplash-1536x1024.jpg 1536w, https:\/\/www.oruvilla.ee\/wp-content\/uploads\/2021\/05\/seminar-markus-winkler-unsplash.jpg 1920w\" sizes=\"auto, (max-width: 1024px) 100vw, 1024px\" \/><\/figure><div class=\"wp-block-media-text__content\">\n<h3 class=\"wp-block-heading has-text-align-center\">Seminar package \u201eWorking holiday\u201c<\/h3>\n\n\n\n<p class=\"has-text-align-center\">Villa Nightingale offers an exclusive possibility to have a working holiday.<\/p>\n\n\n\n<p class=\"has-text-align-center\">Min. group is 10 and max 20 people.<br>Accommodation in deluxe rooms;<br>Buffee-breakfast;<br>Lunch;<br>2 coffee-pauses (snack bar can be added for an extra charge);<br>Use of seminar room and projektor.<\/p>\n\n\n\n<p class=\"has-text-align-center\"><strong>Price from 59 \u20ac \/ per person<\/strong><\/p>\n\n\n\n<h4 class=\"wp-block-heading\">Additional information:<\/h4>\n\n\n\n<ul class=\"wp-block-list\">\n<li>+372 50 99 666<\/li>\n\n\n\n<li><a href=\"mailto:villa@oruvilla.ee\" target=\"_blank\" rel=\"noreferrer noopener\">villa@oruvilla.ee<\/a><\/li>\n<\/ul>\n<\/div><\/div>\n","protected":false},"excerpt":{"rendered":"<p>Villa Nightingale is a member of Southeastern Estonia Kupland outwork network and the best place for teleworking. There is an ergonomic office chair on request and good lighting in our cozy room no. 5.<\/p>\n","protected":false},"author":3,"featured_media":0,"parent":0,"menu_order":0,"comment_status":"closed","ping_status":"closed","template":"","meta":{"footnotes":""},"class_list":["post-1533","page","type-page","status-publish","hentry"],"yoast_head":"<!-- This site is optimized with the Yoast SEO plugin v23.6 - https:\/\/yoast.com\/wordpress\/plugins\/seo\/ -->\n<title>Seminar in Estonia | Southeastern Estonia Kupland outwork network<\/title>\n<meta name=\"description\" content=\"Villa Nightingale is a member of Southeastern Estonia outwork network and the best place for teleworking. Best place for seminar in Estonia!\" \/>\n<meta name=\"robots\" content=\"index, follow, max-snippet:-1, max-image-preview:large, max-video-preview:-1\" \/>\n<link rel=\"canonical\" href=\"https:\/\/www.oruvilla.ee\/seminar-ja-kaugtoo\/\" \/>\n<meta property=\"og:locale\" content=\"en_US\" \/>\n<meta property=\"og:type\" content=\"article\" \/>\n<meta property=\"og:title\" content=\"Seminar in Estonia | Southeastern Estonia Kupland outwork network\" \/>\n<meta property=\"og:description\" content=\"Villa Nightingale is a member of Southeastern Estonia outwork network and the best place for teleworking. Best place for seminar in Estonia!\" \/>\n<meta property=\"og:url\" content=\"https:\/\/www.oruvilla.ee\/seminar-ja-kaugtoo\/\" \/>\n<meta property=\"og:site_name\" content=\"\u00d6\u00f6bikuoru villa\" \/>\n<meta property=\"article:modified_time\" content=\"2024-01-02T19:47:46+00:00\" \/>\n<meta property=\"og:image\" content=\"https:\/\/www.oruvilla.ee\/wp-content\/uploads\/2021\/05\/Kupland_14-2-scaled.jpg\" \/>\n<meta name=\"twitter:card\" content=\"summary_large_image\" \/>\n<meta name=\"twitter:label1\" content=\"Est. reading time\" \/>\n\t<meta name=\"twitter:data1\" content=\"2 minutes\" \/>\n<script type=\"application\/ld+json\" class=\"yoast-schema-graph\">{\"@context\":\"https:\/\/schema.org\",\"@graph\":[{\"@type\":\"WebPage\",\"@id\":\"https:\/\/www.oruvilla.ee\/seminar-ja-kaugtoo\/\",\"url\":\"https:\/\/www.oruvilla.ee\/seminar-ja-kaugtoo\/\",\"name\":\"Seminar in Estonia | Southeastern Estonia Kupland outwork network\",\"isPartOf\":{\"@id\":\"https:\/\/www.oruvilla.ee\/#website\"},\"primaryImageOfPage\":{\"@id\":\"https:\/\/www.oruvilla.ee\/seminar-ja-kaugtoo\/#primaryimage\"},\"image\":{\"@id\":\"https:\/\/www.oruvilla.ee\/seminar-ja-kaugtoo\/#primaryimage\"},\"thumbnailUrl\":\"https:\/\/www.oruvilla.ee\/wp-content\/uploads\/2021\/05\/Kupland_14-2-scaled.jpg\",\"datePublished\":\"2021-05-04T12:26:23+00:00\",\"dateModified\":\"2024-01-02T19:47:46+00:00\",\"description\":\"Villa Nightingale is a member of Southeastern Estonia outwork network and the best place for teleworking. Best place for seminar in Estonia!\",\"breadcrumb\":{\"@id\":\"https:\/\/www.oruvilla.ee\/seminar-ja-kaugtoo\/#breadcrumb\"},\"inLanguage\":\"en-US\",\"potentialAction\":[{\"@type\":\"ReadAction\",\"target\":[\"https:\/\/www.oruvilla.ee\/seminar-ja-kaugtoo\/\"]}]},{\"@type\":\"ImageObject\",\"inLanguage\":\"en-US\",\"@id\":\"https:\/\/www.oruvilla.ee\/seminar-ja-kaugtoo\/#primaryimage\",\"url\":\"https:\/\/www.oruvilla.ee\/wp-content\/uploads\/2021\/05\/Kupland_14-2-scaled.jpg\",\"contentUrl\":\"https:\/\/www.oruvilla.ee\/wp-content\/uploads\/2021\/05\/Kupland_14-2-scaled.jpg\"},{\"@type\":\"BreadcrumbList\",\"@id\":\"https:\/\/www.oruvilla.ee\/seminar-ja-kaugtoo\/#breadcrumb\",\"itemListElement\":[{\"@type\":\"ListItem\",\"position\":1,\"name\":\"Home\",\"item\":\"https:\/\/www.oruvilla.ee\/en\/\"},{\"@type\":\"ListItem\",\"position\":2,\"name\":\"Seminar and teleworking\"}]},{\"@type\":\"WebSite\",\"@id\":\"https:\/\/www.oruvilla.ee\/#website\",\"url\":\"https:\/\/www.oruvilla.ee\/\",\"name\":\"\u00d6\u00f6bikuoru villa\",\"description\":\"Romantiline majutus R\u00f5uges, V\u00f5rumaal\",\"potentialAction\":[{\"@type\":\"SearchAction\",\"target\":{\"@type\":\"EntryPoint\",\"urlTemplate\":\"https:\/\/www.oruvilla.ee\/?s={search_term_string}\"},\"query-input\":{\"@type\":\"PropertyValueSpecification\",\"valueRequired\":true,\"valueName\":\"search_term_string\"}}],\"inLanguage\":\"en-US\"}]}<\/script>\n<!-- \/ Yoast SEO plugin. -->","yoast_head_json":{"title":"Seminar in Estonia | Southeastern Estonia Kupland outwork network","description":"Villa Nightingale is a member of Southeastern Estonia outwork network and the best place for teleworking. Best place for seminar in Estonia!","robots":{"index":"index","follow":"follow","max-snippet":"max-snippet:-1","max-image-preview":"max-image-preview:large","max-video-preview":"max-video-preview:-1"},"canonical":"https:\/\/www.oruvilla.ee\/seminar-ja-kaugtoo\/","og_locale":"en_US","og_type":"article","og_title":"Seminar in Estonia | Southeastern Estonia Kupland outwork network","og_description":"Villa Nightingale is a member of Southeastern Estonia outwork network and the best place for teleworking. Best place for seminar in Estonia!","og_url":"https:\/\/www.oruvilla.ee\/seminar-ja-kaugtoo\/","og_site_name":"\u00d6\u00f6bikuoru villa","article_modified_time":"2024-01-02T19:47:46+00:00","og_image":[{"url":"https:\/\/www.oruvilla.ee\/wp-content\/uploads\/2021\/05\/Kupland_14-2-scaled.jpg"}],"twitter_card":"summary_large_image","twitter_misc":{"Est. reading time":"2 minutes"},"schema":{"@context":"https:\/\/schema.org","@graph":[{"@type":"WebPage","@id":"https:\/\/www.oruvilla.ee\/seminar-ja-kaugtoo\/","url":"https:\/\/www.oruvilla.ee\/seminar-ja-kaugtoo\/","name":"Seminar in Estonia | Southeastern Estonia Kupland outwork network","isPartOf":{"@id":"https:\/\/www.oruvilla.ee\/#website"},"primaryImageOfPage":{"@id":"https:\/\/www.oruvilla.ee\/seminar-ja-kaugtoo\/#primaryimage"},"image":{"@id":"https:\/\/www.oruvilla.ee\/seminar-ja-kaugtoo\/#primaryimage"},"thumbnailUrl":"https:\/\/www.oruvilla.ee\/wp-content\/uploads\/2021\/05\/Kupland_14-2-scaled.jpg","datePublished":"2021-05-04T12:26:23+00:00","dateModified":"2024-01-02T19:47:46+00:00","description":"Villa Nightingale is a member of Southeastern Estonia outwork network and the best place for teleworking. Best place for seminar in Estonia!","breadcrumb":{"@id":"https:\/\/www.oruvilla.ee\/seminar-ja-kaugtoo\/#breadcrumb"},"inLanguage":"en-US","potentialAction":[{"@type":"ReadAction","target":["https:\/\/www.oruvilla.ee\/seminar-ja-kaugtoo\/"]}]},{"@type":"ImageObject","inLanguage":"en-US","@id":"https:\/\/www.oruvilla.ee\/seminar-ja-kaugtoo\/#primaryimage","url":"https:\/\/www.oruvilla.ee\/wp-content\/uploads\/2021\/05\/Kupland_14-2-scaled.jpg","contentUrl":"https:\/\/www.oruvilla.ee\/wp-content\/uploads\/2021\/05\/Kupland_14-2-scaled.jpg"},{"@type":"BreadcrumbList","@id":"https:\/\/www.oruvilla.ee\/seminar-ja-kaugtoo\/#breadcrumb","itemListElement":[{"@type":"ListItem","position":1,"name":"Home","item":"https:\/\/www.oruvilla.ee\/en\/"},{"@type":"ListItem","position":2,"name":"Seminar and teleworking"}]},{"@type":"WebSite","@id":"https:\/\/www.oruvilla.ee\/#website","url":"https:\/\/www.oruvilla.ee\/","name":"\u00d6\u00f6bikuoru villa","description":"Romantiline majutus R\u00f5uges, V\u00f5rumaal","potentialAction":[{"@type":"SearchAction","target":{"@type":"EntryPoint","urlTemplate":"https:\/\/www.oruvilla.ee\/?s={search_term_string}"},"query-input":{"@type":"PropertyValueSpecification","valueRequired":true,"valueName":"search_term_string"}}],"inLanguage":"en-US"}]}},"_links":{"self":[{"href":"https:\/\/www.oruvilla.ee\/en\/wp-json\/wp\/v2\/pages\/1533","targetHints":{"allow":["GET"]}}],"collection":[{"href":"https:\/\/www.oruvilla.ee\/en\/wp-json\/wp\/v2\/pages"}],"about":[{"href":"https:\/\/www.oruvilla.ee\/en\/wp-json\/wp\/v2\/types\/page"}],"author":[{"embeddable":true,"href":"https:\/\/www.oruvilla.ee\/en\/wp-json\/wp\/v2\/users\/3"}],"replies":[{"embeddable":true,"href":"https:\/\/www.oruvilla.ee\/en\/wp-json\/wp\/v2\/comments?post=1533"}],"version-history":[{"count":6,"href":"https:\/\/www.oruvilla.ee\/en\/wp-json\/wp\/v2\/pages\/1533\/revisions"}],"predecessor-version":[{"id":2506,"href":"https:\/\/www.oruvilla.ee\/en\/wp-json\/wp\/v2\/pages\/1533\/revisions\/2506"}],"wp:attachment":[{"href":"https:\/\/www.oruvilla.ee\/en\/wp-json\/wp\/v2\/media?parent=1533"}],"curies":[{"name":"wp","href":"https:\/\/api.w.org\/{rel}","templated":true}]}}