{"id":1524,"date":"2021-05-07T09:56:32","date_gmt":"2021-05-07T09:56:32","guid":{"rendered":"https:\/\/www.oruvilla.ee\/suitsusaun-ja-puravikusaun\/"},"modified":"2024-01-02T19:48:36","modified_gmt":"2024-01-02T19:48:36","slug":"smoke-sauna","status":"publish","type":"page","link":"https:\/\/www.oruvilla.ee\/en\/smoke-sauna\/","title":{"rendered":"Smoke sauna and sauna"},"content":{"rendered":"\n<div class=\"wp-block-cover alignwide is-light\" style=\"min-height:300px;aspect-ratio:unset;\"><span aria-hidden=\"true\" class=\"wp-block-cover__background has-background-dim-10 has-background-dim\"><\/span><img loading=\"lazy\" decoding=\"async\" width=\"2560\" height=\"1810\" class=\"wp-block-cover__image-background wp-image-1182\" alt=\"\" src=\"https:\/\/www.oruvilla.ee\/wp-content\/uploads\/2021\/06\/Oobikuoru-Villa-15-Kaisa-Aarmaa-scaled.jpg\" style=\"object-position:40% 83%\" data-object-fit=\"cover\" data-object-position=\"40% 83%\" srcset=\"https:\/\/www.oruvilla.ee\/wp-content\/uploads\/2021\/06\/Oobikuoru-Villa-15-Kaisa-Aarmaa-scaled.jpg 2560w, https:\/\/www.oruvilla.ee\/wp-content\/uploads\/2021\/06\/Oobikuoru-Villa-15-Kaisa-Aarmaa-300x212.jpg 300w, https:\/\/www.oruvilla.ee\/wp-content\/uploads\/2021\/06\/Oobikuoru-Villa-15-Kaisa-Aarmaa-1024x724.jpg 1024w, https:\/\/www.oruvilla.ee\/wp-content\/uploads\/2021\/06\/Oobikuoru-Villa-15-Kaisa-Aarmaa-768x543.jpg 768w, https:\/\/www.oruvilla.ee\/wp-content\/uploads\/2021\/06\/Oobikuoru-Villa-15-Kaisa-Aarmaa-1536x1086.jpg 1536w, https:\/\/www.oruvilla.ee\/wp-content\/uploads\/2021\/06\/Oobikuoru-Villa-15-Kaisa-Aarmaa-2048x1448.jpg 2048w\" sizes=\"auto, (max-width: 2560px) 100vw, 2560px\" \/><div class=\"wp-block-cover__inner-container is-layout-flow wp-block-cover-is-layout-flow\">\n<h1 class=\"wp-block-heading has-text-align-center has-huge-font-size\">Sauna with electric heater, smoke sauna and salt chamber<\/h1>\n<\/div><\/div>\n\n\n\n<p class=\"has-drop-cap has-text-align-left has-background has-normal-font-size\" style=\"background-color:#f6b1b6\">A healing half-hour in dry \u201csalt mist\u201d (salt-aerosol) environment that encourages the respiratory tract and skin.<br>You may also enjoy the hot tub and the smoke sauna, this is a special type of sauna without a chimney. The pleasure of sauna is possible to get from sauna with electric heater located near the lake.<\/p>\n\n\n\n<div class=\"wp-block-media-text alignwide is-stacked-on-mobile animated zoomIn faster\"><figure class=\"wp-block-media-text__media\"><img loading=\"lazy\" decoding=\"async\" width=\"1024\" height=\"684\" src=\"https:\/\/www.oruvilla.ee\/wp-content\/uploads\/2021\/06\/Oobikuoru-Villa-16-Kaisa-Aarmaa-1024x684.jpg\" alt=\"Suitsusaun L\u00f5una-Eestis | Tervistav soolakamber R\u00f5uges\" class=\"wp-image-1184 size-full\" srcset=\"https:\/\/www.oruvilla.ee\/wp-content\/uploads\/2021\/06\/Oobikuoru-Villa-16-Kaisa-Aarmaa-1024x684.jpg 1024w, https:\/\/www.oruvilla.ee\/wp-content\/uploads\/2021\/06\/Oobikuoru-Villa-16-Kaisa-Aarmaa-300x200.jpg 300w, https:\/\/www.oruvilla.ee\/wp-content\/uploads\/2021\/06\/Oobikuoru-Villa-16-Kaisa-Aarmaa-768x513.jpg 768w, https:\/\/www.oruvilla.ee\/wp-content\/uploads\/2021\/06\/Oobikuoru-Villa-16-Kaisa-Aarmaa-1536x1025.jpg 1536w, https:\/\/www.oruvilla.ee\/wp-content\/uploads\/2021\/06\/Oobikuoru-Villa-16-Kaisa-Aarmaa-2048x1367.jpg 2048w\" sizes=\"auto, (max-width: 1024px) 100vw, 1024px\" \/><\/figure><div class=\"wp-block-media-text__content\">\n<h2 class=\"wp-block-heading has-text-align-center\">Smoke sauna and hot tub<\/h2>\n\n\n\n<p>A smoke sauna is a traditional Estonian sauna in which the flue gases generated during heating are not discharged from the room through the chimney. The heater stones are above the heating hearth, the flames heat the stones directly and the smoke rises directly through the heater into the surrounding space. Some of the smoke can be released from the sauna room through air vents or hatches.<br>In 2014, the smoke sauna was included in the UNESCO list of the intangible heritage of the Estonian V\u00f5ro \u200b\u200bSmoke Sauna customs.<\/p>\n\n\n\n<p>Hot tub &#8211; this is a round waterproof container made of wood, which is heated from the outside. Our hot tub also has bubbles and lighting. Especially nice with cold winter weather!<\/p>\n\n\n\n<div class=\"wp-block-buttons is-horizontal is-content-justification-center is-layout-flex wp-container-core-buttons-is-layout-499968f5 wp-block-buttons-is-layout-flex\"><div class=\"wp-block-button-wrapper\">\n<div class=\"wp-block-button is-style-fill\"><a class=\"wp-block-button__link has-white-color has-black-background-color has-text-color has-background no-border-radius wp-element-button\" href=\"https:\/\/bouk.io\/booking\/oruvilla\/285\/rooms?language=en\" target=\"_blank\" rel=\"noreferrer noopener\">Book a smoke sauna<\/a><\/div>\n<\/div><\/div>\n<\/div><\/div>\n\n\n\n<div class=\"wp-block-media-text alignwide has-media-on-the-right is-stacked-on-mobile\"><div class=\"wp-block-media-text__content\">\n<h2 class=\"wp-block-heading has-text-align-center\">Sauna with electric heater<\/h2>\n\n\n\n<p>Sauna with electric heater has two rooms and big terrace. If the heating of the smoke sauna takes half a day, then this sauna will be warm in a few hours. Since the sauna is located right next to our swimming area and a small sandy beach, it is especially nice to jump into the lake from there.<\/p>\n<\/div><figure class=\"wp-block-media-text__media\"><img loading=\"lazy\" decoding=\"async\" width=\"1024\" height=\"684\" src=\"https:\/\/www.oruvilla.ee\/wp-content\/uploads\/2021\/06\/Oobikuoru-Villa-21-Kaisa-Aarmaa-2-1024x684.jpg\" alt=\"\" class=\"wp-image-1364 size-full\" srcset=\"https:\/\/www.oruvilla.ee\/wp-content\/uploads\/2021\/06\/Oobikuoru-Villa-21-Kaisa-Aarmaa-2-1024x684.jpg 1024w, https:\/\/www.oruvilla.ee\/wp-content\/uploads\/2021\/06\/Oobikuoru-Villa-21-Kaisa-Aarmaa-2-300x200.jpg 300w, https:\/\/www.oruvilla.ee\/wp-content\/uploads\/2021\/06\/Oobikuoru-Villa-21-Kaisa-Aarmaa-2-768x513.jpg 768w, https:\/\/www.oruvilla.ee\/wp-content\/uploads\/2021\/06\/Oobikuoru-Villa-21-Kaisa-Aarmaa-2-1536x1025.jpg 1536w, https:\/\/www.oruvilla.ee\/wp-content\/uploads\/2021\/06\/Oobikuoru-Villa-21-Kaisa-Aarmaa-2-2048x1367.jpg 2048w\" sizes=\"auto, (max-width: 1024px) 100vw, 1024px\" \/><\/figure><\/div>\n\n\n\n<div class=\"wp-block-media-text alignwide is-stacked-on-mobile\"><figure class=\"wp-block-media-text__media\"><img decoding=\"async\" src=\"https:\/\/www.oruvilla.ee\/wp-content\/uploads\/2021\/05\/salt_chamber.jpg\" alt=\"\" class=\"wp-image-433 size-full\"\/><\/figure><div class=\"wp-block-media-text__content\">\n<h2 class=\"wp-block-heading has-text-align-center\">Salt Chamber<\/h2>\n\n\n\n<p>Salt treatment is a natural procedure during which you relax in dry \u201csalt mist\u201d (salt-aerosol) environment. The treatment helps with respiratory problem, strengthens body\u2019s ability to fight infectious disease, and relieves skin issues (e.g. psoriasis)During the procedure, respiratory system and skin are under the influence of dry salt. Closed chamber is filled with salt mist, which heals upon inhalation. Salt helps to open airways and lessens or stops wheezing. Skin issues are relieved due to salt acting as a disinfectant. Salt treatment is also known to help those trying to quit smoking!<br>Session lasts 30 minutes. Course of 5 sessions is recommended for best results, yet even one session is very enjoyable and healing.<\/p>\n\n\n\n<h4 class=\"wp-block-heading\">People with following conditions should not use salt treatment:<\/h4>\n\n\n\n<ul class=\"wp-block-list\">\n<li>bronchial asthma or difficult cases of chronic bronchitis<\/li>\n\n\n\n<li>coughing up blood<\/li>\n\n\n\n<li>acute or chronic kidney disease<\/li>\n\n\n\n<li>hypertension stage II and III<\/li>\n\n\n\n<li>arrhythmia or severe coronary insufficiencies<\/li>\n\n\n\n<li>suspicion of a tumor or prior occurrences of malignant tumors<\/li>\n\n\n\n<li>continuous hormonal treatment<\/li>\n\n\n\n<li>history of bronchial tuberculosis<\/li>\n<\/ul>\n\n\n\n<p>Visiting salt chamber is at your own risk. If you are not sure that it is safe for you, please consult with your doctor first!<\/p>\n<\/div><\/div>\n","protected":false},"excerpt":{"rendered":"<p>A healing half-hour in dry \u201csalt mist\u201d (salt-aerosol) environment that encourages the respiratory tract and skin.You may also enjoy the hot tub and the smoke sauna, this is a special type of sauna without a chimney. The pleasure of sauna is possible to get from sauna with electric heater located near the lake. Sauna with [&hellip;]<\/p>\n","protected":false},"author":3,"featured_media":0,"parent":0,"menu_order":0,"comment_status":"closed","ping_status":"closed","template":"","meta":{"footnotes":""},"class_list":["post-1524","page","type-page","status-publish","hentry"],"yoast_head":"<!-- This site is optimized with the Yoast SEO plugin v23.6 - https:\/\/yoast.com\/wordpress\/plugins\/seo\/ -->\n<title>Smoke sauna in South Estonia | Healing salt chamber in R\u00f5uge<\/title>\n<meta name=\"description\" content=\"Smoke sauna is a traditional Estonian sauna in which the flue gases generated during heating are not discharged from the room through chimney.\" \/>\n<meta name=\"robots\" content=\"index, follow, max-snippet:-1, max-image-preview:large, max-video-preview:-1\" \/>\n<link rel=\"canonical\" href=\"https:\/\/www.oruvilla.ee\/suitsusaun-ja-puravikusaun\/\" \/>\n<meta property=\"og:locale\" content=\"en_US\" \/>\n<meta property=\"og:type\" content=\"article\" \/>\n<meta property=\"og:title\" content=\"Smoke sauna in South Estonia | Healing salt chamber in R\u00f5uge\" \/>\n<meta property=\"og:description\" content=\"Smoke sauna is a traditional Estonian sauna in which the flue gases generated during heating are not discharged from the room through chimney.\" \/>\n<meta property=\"og:url\" content=\"https:\/\/www.oruvilla.ee\/suitsusaun-ja-puravikusaun\/\" \/>\n<meta property=\"og:site_name\" content=\"\u00d6\u00f6bikuoru villa\" \/>\n<meta property=\"article:modified_time\" content=\"2024-01-02T19:48:36+00:00\" \/>\n<meta property=\"og:image\" content=\"https:\/\/www.oruvilla.ee\/wp-content\/uploads\/2021\/06\/Oobikuoru-Villa-15-Kaisa-Aarmaa-scaled.jpg\" \/>\n<meta name=\"twitter:card\" content=\"summary_large_image\" \/>\n<meta name=\"twitter:label1\" content=\"Est. reading time\" \/>\n\t<meta name=\"twitter:data1\" content=\"3 minutes\" \/>\n<script type=\"application\/ld+json\" class=\"yoast-schema-graph\">{\"@context\":\"https:\/\/schema.org\",\"@graph\":[{\"@type\":\"WebPage\",\"@id\":\"https:\/\/www.oruvilla.ee\/suitsusaun-ja-puravikusaun\/\",\"url\":\"https:\/\/www.oruvilla.ee\/suitsusaun-ja-puravikusaun\/\",\"name\":\"Smoke sauna in South Estonia | Healing salt chamber in R\u00f5uge\",\"isPartOf\":{\"@id\":\"https:\/\/www.oruvilla.ee\/#website\"},\"primaryImageOfPage\":{\"@id\":\"https:\/\/www.oruvilla.ee\/suitsusaun-ja-puravikusaun\/#primaryimage\"},\"image\":{\"@id\":\"https:\/\/www.oruvilla.ee\/suitsusaun-ja-puravikusaun\/#primaryimage\"},\"thumbnailUrl\":\"https:\/\/www.oruvilla.ee\/wp-content\/uploads\/2021\/06\/Oobikuoru-Villa-15-Kaisa-Aarmaa-scaled.jpg\",\"datePublished\":\"2021-05-07T09:56:32+00:00\",\"dateModified\":\"2024-01-02T19:48:36+00:00\",\"description\":\"Smoke sauna is a traditional Estonian sauna in which the flue gases generated during heating are not discharged from the room through chimney.\",\"breadcrumb\":{\"@id\":\"https:\/\/www.oruvilla.ee\/suitsusaun-ja-puravikusaun\/#breadcrumb\"},\"inLanguage\":\"en-US\",\"potentialAction\":[{\"@type\":\"ReadAction\",\"target\":[\"https:\/\/www.oruvilla.ee\/suitsusaun-ja-puravikusaun\/\"]}]},{\"@type\":\"ImageObject\",\"inLanguage\":\"en-US\",\"@id\":\"https:\/\/www.oruvilla.ee\/suitsusaun-ja-puravikusaun\/#primaryimage\",\"url\":\"https:\/\/www.oruvilla.ee\/wp-content\/uploads\/2021\/06\/Oobikuoru-Villa-15-Kaisa-Aarmaa-scaled.jpg\",\"contentUrl\":\"https:\/\/www.oruvilla.ee\/wp-content\/uploads\/2021\/06\/Oobikuoru-Villa-15-Kaisa-Aarmaa-scaled.jpg\"},{\"@type\":\"BreadcrumbList\",\"@id\":\"https:\/\/www.oruvilla.ee\/suitsusaun-ja-puravikusaun\/#breadcrumb\",\"itemListElement\":[{\"@type\":\"ListItem\",\"position\":1,\"name\":\"Home\",\"item\":\"https:\/\/www.oruvilla.ee\/en\/\"},{\"@type\":\"ListItem\",\"position\":2,\"name\":\"Smoke sauna and sauna\"}]},{\"@type\":\"WebSite\",\"@id\":\"https:\/\/www.oruvilla.ee\/#website\",\"url\":\"https:\/\/www.oruvilla.ee\/\",\"name\":\"\u00d6\u00f6bikuoru villa\",\"description\":\"Romantiline majutus R\u00f5uges, V\u00f5rumaal\",\"potentialAction\":[{\"@type\":\"SearchAction\",\"target\":{\"@type\":\"EntryPoint\",\"urlTemplate\":\"https:\/\/www.oruvilla.ee\/?s={search_term_string}\"},\"query-input\":{\"@type\":\"PropertyValueSpecification\",\"valueRequired\":true,\"valueName\":\"search_term_string\"}}],\"inLanguage\":\"en-US\"}]}<\/script>\n<!-- \/ Yoast SEO plugin. -->","yoast_head_json":{"title":"Smoke sauna in South Estonia | Healing salt chamber in R\u00f5uge","description":"Smoke sauna is a traditional Estonian sauna in which the flue gases generated during heating are not discharged from the room through chimney.","robots":{"index":"index","follow":"follow","max-snippet":"max-snippet:-1","max-image-preview":"max-image-preview:large","max-video-preview":"max-video-preview:-1"},"canonical":"https:\/\/www.oruvilla.ee\/suitsusaun-ja-puravikusaun\/","og_locale":"en_US","og_type":"article","og_title":"Smoke sauna in South Estonia | Healing salt chamber in R\u00f5uge","og_description":"Smoke sauna is a traditional Estonian sauna in which the flue gases generated during heating are not discharged from the room through chimney.","og_url":"https:\/\/www.oruvilla.ee\/suitsusaun-ja-puravikusaun\/","og_site_name":"\u00d6\u00f6bikuoru villa","article_modified_time":"2024-01-02T19:48:36+00:00","og_image":[{"url":"https:\/\/www.oruvilla.ee\/wp-content\/uploads\/2021\/06\/Oobikuoru-Villa-15-Kaisa-Aarmaa-scaled.jpg"}],"twitter_card":"summary_large_image","twitter_misc":{"Est. reading time":"3 minutes"},"schema":{"@context":"https:\/\/schema.org","@graph":[{"@type":"WebPage","@id":"https:\/\/www.oruvilla.ee\/suitsusaun-ja-puravikusaun\/","url":"https:\/\/www.oruvilla.ee\/suitsusaun-ja-puravikusaun\/","name":"Smoke sauna in South Estonia | Healing salt chamber in R\u00f5uge","isPartOf":{"@id":"https:\/\/www.oruvilla.ee\/#website"},"primaryImageOfPage":{"@id":"https:\/\/www.oruvilla.ee\/suitsusaun-ja-puravikusaun\/#primaryimage"},"image":{"@id":"https:\/\/www.oruvilla.ee\/suitsusaun-ja-puravikusaun\/#primaryimage"},"thumbnailUrl":"https:\/\/www.oruvilla.ee\/wp-content\/uploads\/2021\/06\/Oobikuoru-Villa-15-Kaisa-Aarmaa-scaled.jpg","datePublished":"2021-05-07T09:56:32+00:00","dateModified":"2024-01-02T19:48:36+00:00","description":"Smoke sauna is a traditional Estonian sauna in which the flue gases generated during heating are not discharged from the room through chimney.","breadcrumb":{"@id":"https:\/\/www.oruvilla.ee\/suitsusaun-ja-puravikusaun\/#breadcrumb"},"inLanguage":"en-US","potentialAction":[{"@type":"ReadAction","target":["https:\/\/www.oruvilla.ee\/suitsusaun-ja-puravikusaun\/"]}]},{"@type":"ImageObject","inLanguage":"en-US","@id":"https:\/\/www.oruvilla.ee\/suitsusaun-ja-puravikusaun\/#primaryimage","url":"https:\/\/www.oruvilla.ee\/wp-content\/uploads\/2021\/06\/Oobikuoru-Villa-15-Kaisa-Aarmaa-scaled.jpg","contentUrl":"https:\/\/www.oruvilla.ee\/wp-content\/uploads\/2021\/06\/Oobikuoru-Villa-15-Kaisa-Aarmaa-scaled.jpg"},{"@type":"BreadcrumbList","@id":"https:\/\/www.oruvilla.ee\/suitsusaun-ja-puravikusaun\/#breadcrumb","itemListElement":[{"@type":"ListItem","position":1,"name":"Home","item":"https:\/\/www.oruvilla.ee\/en\/"},{"@type":"ListItem","position":2,"name":"Smoke sauna and sauna"}]},{"@type":"WebSite","@id":"https:\/\/www.oruvilla.ee\/#website","url":"https:\/\/www.oruvilla.ee\/","name":"\u00d6\u00f6bikuoru villa","description":"Romantiline majutus R\u00f5uges, V\u00f5rumaal","potentialAction":[{"@type":"SearchAction","target":{"@type":"EntryPoint","urlTemplate":"https:\/\/www.oruvilla.ee\/?s={search_term_string}"},"query-input":{"@type":"PropertyValueSpecification","valueRequired":true,"valueName":"search_term_string"}}],"inLanguage":"en-US"}]}},"_links":{"self":[{"href":"https:\/\/www.oruvilla.ee\/en\/wp-json\/wp\/v2\/pages\/1524","targetHints":{"allow":["GET"]}}],"collection":[{"href":"https:\/\/www.oruvilla.ee\/en\/wp-json\/wp\/v2\/pages"}],"about":[{"href":"https:\/\/www.oruvilla.ee\/en\/wp-json\/wp\/v2\/types\/page"}],"author":[{"embeddable":true,"href":"https:\/\/www.oruvilla.ee\/en\/wp-json\/wp\/v2\/users\/3"}],"replies":[{"embeddable":true,"href":"https:\/\/www.oruvilla.ee\/en\/wp-json\/wp\/v2\/comments?post=1524"}],"version-history":[{"count":6,"href":"https:\/\/www.oruvilla.ee\/en\/wp-json\/wp\/v2\/pages\/1524\/revisions"}],"predecessor-version":[{"id":2509,"href":"https:\/\/www.oruvilla.ee\/en\/wp-json\/wp\/v2\/pages\/1524\/revisions\/2509"}],"wp:attachment":[{"href":"https:\/\/www.oruvilla.ee\/en\/wp-json\/wp\/v2\/media?parent=1524"}],"curies":[{"name":"wp","href":"https:\/\/api.w.org\/{rel}","templated":true}]}}