{"id":1500,"date":"2021-04-14T11:53:05","date_gmt":"2021-04-14T11:53:05","guid":{"rendered":"https:\/\/www.oruvilla.ee\/home\/"},"modified":"2024-01-07T13:57:52","modified_gmt":"2024-01-07T13:57:52","slug":"home","status":"publish","type":"page","link":"https:\/\/www.oruvilla.ee\/en\/","title":{"rendered":"Home"},"content":{"rendered":"\n<div class=\"wp-block-cover alignfull is-light\" style=\"min-height:650px;aspect-ratio:unset;\"><span aria-hidden=\"true\" class=\"wp-block-cover__background has-background-dim-30 has-background-dim\"><\/span><img loading=\"lazy\" decoding=\"async\" width=\"2560\" height=\"953\" class=\"wp-block-cover__image-background wp-image-225\" alt=\"\" src=\"https:\/\/www.oruvilla.ee\/wp-content\/uploads\/2021\/05\/KK-63-scaled-e1622647035762.jpg\" data-object-fit=\"cover\" srcset=\"https:\/\/www.oruvilla.ee\/wp-content\/uploads\/2021\/05\/KK-63-scaled-e1622647035762.jpg 2560w, https:\/\/www.oruvilla.ee\/wp-content\/uploads\/2021\/05\/KK-63-scaled-e1622647035762-300x112.jpg 300w, https:\/\/www.oruvilla.ee\/wp-content\/uploads\/2021\/05\/KK-63-scaled-e1622647035762-1024x381.jpg 1024w, https:\/\/www.oruvilla.ee\/wp-content\/uploads\/2021\/05\/KK-63-scaled-e1622647035762-768x286.jpg 768w, https:\/\/www.oruvilla.ee\/wp-content\/uploads\/2021\/05\/KK-63-scaled-e1622647035762-1536x572.jpg 1536w, https:\/\/www.oruvilla.ee\/wp-content\/uploads\/2021\/05\/KK-63-scaled-e1622647035762-2048x762.jpg 2048w\" sizes=\"auto, (max-width: 2560px) 100vw, 2560px\" \/><div class=\"wp-block-cover__inner-container is-layout-flow wp-block-cover-is-layout-flow\">\n<h1 class=\"wp-block-heading has-text-align-center has-text-color has-huge-font-size\" style=\"color:#f6f6ee\">Romantic and luxury accommodation<br>in South Estonia, V\u00f5ru county <\/h1>\n\n\n\n<div style=\"height:30px\" aria-hidden=\"true\" class=\"wp-block-spacer\"><\/div>\n\n\n\n<div class=\"wp-block-buttons is-horizontal is-content-justification-center is-layout-flex wp-container-core-buttons-is-layout-499968f5 wp-block-buttons-is-layout-flex\"><div class=\"wp-block-button-wrapper\">\n<div class=\"wp-block-button\"><a class=\"wp-block-button__link has-white-color has-black-background-color has-text-color has-background no-border-radius wp-element-button\" href=\"https:\/\/bouk.io\/booking\/oruvilla\/285\/rooms?language=en\">Book a room<\/a><\/div>\n<\/div><\/div>\n<\/div><\/div>\n\n\n\r\n    \r\n    <div class=\"content_book\">\r\r\n      <div class=\"book_date\">\r\r\n        <div class=\"book_date_box\">\r\r\n          <div class=\"book_label\">arrival<\/div>\r\r\n          <input class=\"book_day datepicker\" id=\"checkin\" type=\"text\" value=\"22\">\r\r\n          <div class=\"book_month_year checkin-month\"><\/div>\r\r\n        <\/div>\r\r\n        <div class=\"book_date_box\">\r\r\n          <div class=\"book_label\">departure<\/div>\r\r\n          <input class=\"book_day datepicker\" id=\"checkout\" type=\"text\" value=\"23\">\r\r\n          <div class=\"book_month_year checkout-month\"><\/div>\r\r\n        <\/div>\r\r\n      <\/div>\r\r\n      <a href=\"https:\/\/bouk.io\/booking\/oruvilla\/285\/rooms?language=et&#038;skip=1\" class=\"booking-button btn btn-dark\">Book now<\/a>\r\r\n    <\/div>\r\r\n    \r\r\n    \r\n    \n\n\n<div class=\"wp-block-columns are-vertically-aligned-center is-layout-flex wp-container-core-columns-is-layout-9d6595d7 wp-block-columns-is-layout-flex\">\n<div class=\"wp-block-column is-vertically-aligned-center is-layout-flow wp-block-column-is-layout-flow\">\n<p class=\"has-drop-cap has-text-align-left has-background has-normal-font-size\" style=\"background-color:#f6b1b6\">Romantic and luxury accommodation in Estonia, V\u00f5ru county, R\u00f5uge, South Estonia. Great food in the restaurant Andreas. Healing salt chamber, smoke sauna, hot tub or massage. Seminars, corporate summer events, birthdays, weddings. Wonderful nature at the crossing of three prehistoric lakes. Stay at Nightingale villa and spent your time valuably.<\/p>\n<\/div>\n<\/div>\n\n\n\n<div class=\"wp-block-columns alignfull is-layout-flex wp-container-core-columns-is-layout-9d6595d7 wp-block-columns-is-layout-flex\">\n<div class=\"wp-block-column is-layout-flow wp-block-column-is-layout-flow\" style=\"flex-basis:50%\">\n<div class=\"wp-block-cover is-light\"><span aria-hidden=\"true\" class=\"wp-block-cover__background has-background-dim-30 has-background-dim\"><\/span><img loading=\"lazy\" decoding=\"async\" width=\"2560\" height=\"1702\" class=\"wp-block-cover__image-background wp-image-1377\" alt=\"\" src=\"https:\/\/www.oruvilla.ee\/wp-content\/uploads\/2021\/06\/2013-07-30-Ingrid-25-scaled.jpg\" style=\"object-position:27% 3%\" data-object-fit=\"cover\" data-object-position=\"27% 3%\" srcset=\"https:\/\/www.oruvilla.ee\/wp-content\/uploads\/2021\/06\/2013-07-30-Ingrid-25-scaled.jpg 2560w, https:\/\/www.oruvilla.ee\/wp-content\/uploads\/2021\/06\/2013-07-30-Ingrid-25-300x199.jpg 300w, https:\/\/www.oruvilla.ee\/wp-content\/uploads\/2021\/06\/2013-07-30-Ingrid-25-1024x681.jpg 1024w, https:\/\/www.oruvilla.ee\/wp-content\/uploads\/2021\/06\/2013-07-30-Ingrid-25-768x511.jpg 768w, https:\/\/www.oruvilla.ee\/wp-content\/uploads\/2021\/06\/2013-07-30-Ingrid-25-1536x1021.jpg 1536w, https:\/\/www.oruvilla.ee\/wp-content\/uploads\/2021\/06\/2013-07-30-Ingrid-25-2048x1362.jpg 2048w\" sizes=\"auto, (max-width: 2560px) 100vw, 2560px\" \/><div class=\"wp-block-cover__inner-container is-layout-flow wp-block-cover-is-layout-flow\">\n<p class=\"has-text-align-center has-large-font-size\">Luxury accommodation<\/p>\n\n\n\n<p class=\"has-text-align-center has-medium-font-size\">Exquisitely designed and comfortable rooms for couples, family or friends.<br><a href=\"https:\/\/www.oruvilla.ee\/en\/luxury-accommodation-in-estonia\/\">Read more<\/a><\/p>\n\n\n\n<div class=\"wp-block-buttons is-horizontal is-content-justification-center is-layout-flex wp-container-core-buttons-is-layout-499968f5 wp-block-buttons-is-layout-flex\"><div class=\"wp-block-button-wrapper\">\n<div class=\"wp-block-button is-style-fill\"><a class=\"wp-block-button__link has-white-color has-black-background-color has-text-color has-background no-border-radius wp-element-button\" href=\"https:\/\/bouk.io\/booking\/oruvilla\/285\/rooms?language=en\">Book a room<\/a><\/div>\n<\/div><\/div>\n<\/div><\/div>\n<\/div>\n\n\n\n<div class=\"wp-block-column is-layout-flow wp-block-column-is-layout-flow\" style=\"flex-basis:50%\">\n<div class=\"wp-block-cover is-light\"><span aria-hidden=\"true\" class=\"wp-block-cover__background has-background-dim-30 has-background-dim\"><\/span><img loading=\"lazy\" decoding=\"async\" width=\"2048\" height=\"1367\" class=\"wp-block-cover__image-background wp-image-335\" alt=\"\" src=\"https:\/\/www.oruvilla.ee\/wp-content\/uploads\/2021\/05\/14536797_953154798140778_602884669_o.jpg\" data-object-fit=\"cover\" srcset=\"https:\/\/www.oruvilla.ee\/wp-content\/uploads\/2021\/05\/14536797_953154798140778_602884669_o.jpg 2048w, https:\/\/www.oruvilla.ee\/wp-content\/uploads\/2021\/05\/14536797_953154798140778_602884669_o-300x200.jpg 300w, https:\/\/www.oruvilla.ee\/wp-content\/uploads\/2021\/05\/14536797_953154798140778_602884669_o-1024x684.jpg 1024w, https:\/\/www.oruvilla.ee\/wp-content\/uploads\/2021\/05\/14536797_953154798140778_602884669_o-768x513.jpg 768w, https:\/\/www.oruvilla.ee\/wp-content\/uploads\/2021\/05\/14536797_953154798140778_602884669_o-1536x1025.jpg 1536w\" sizes=\"auto, (max-width: 2048px) 100vw, 2048px\" \/><div class=\"wp-block-cover__inner-container is-layout-flow wp-block-cover-is-layout-flow\">\n<p class=\"has-text-align-center has-large-font-size\">Food and beverage<\/p>\n\n\n\n<p class=\"has-text-align-center has-medium-font-size\">Restaurant Andreas offers a menu inspired by local cuisine, modern trends, and changes in seasons.<br><a href=\"https:\/\/www.oruvilla.ee\/en\/estonia-restaurant\/\">Read more<\/a><\/p>\n\n\n\n<div class=\"wp-block-buttons is-horizontal is-content-justification-center is-layout-flex wp-container-core-buttons-is-layout-499968f5 wp-block-buttons-is-layout-flex\"><div class=\"wp-block-button-wrapper\">\n<div class=\"wp-block-button is-style-fill\"><a class=\"wp-block-button__link has-white-color has-black-background-color has-text-color has-background no-border-radius wp-element-button\" href=\"https:\/\/www.oruvilla.ee\/en\/estonia-restaurant\/book-a-table\/\">Book a table<\/a><\/div>\n<\/div><\/div>\n<\/div><\/div>\n<\/div>\n<\/div>\n\n\n\n<div class=\"wp-block-columns alignfull are-vertically-aligned-top is-layout-flex wp-container-core-columns-is-layout-9d6595d7 wp-block-columns-is-layout-flex\">\n<div class=\"wp-block-column is-vertically-aligned-top is-layout-flow wp-block-column-is-layout-flow\" style=\"flex-basis:50%\">\n<div class=\"wp-block-cover is-light\"><span aria-hidden=\"true\" class=\"wp-block-cover__background has-background-dim-30 has-background-dim\"><\/span><img loading=\"lazy\" decoding=\"async\" width=\"1706\" height=\"2560\" class=\"wp-block-cover__image-background wp-image-336\" alt=\"\" src=\"https:\/\/www.oruvilla.ee\/wp-content\/uploads\/2021\/05\/Kupland_01-scaled.jpg\" data-object-fit=\"cover\" srcset=\"https:\/\/www.oruvilla.ee\/wp-content\/uploads\/2021\/05\/Kupland_01-scaled.jpg 1706w, https:\/\/www.oruvilla.ee\/wp-content\/uploads\/2021\/05\/Kupland_01-200x300.jpg 200w, https:\/\/www.oruvilla.ee\/wp-content\/uploads\/2021\/05\/Kupland_01-683x1024.jpg 683w, https:\/\/www.oruvilla.ee\/wp-content\/uploads\/2021\/05\/Kupland_01-768x1152.jpg 768w, https:\/\/www.oruvilla.ee\/wp-content\/uploads\/2021\/05\/Kupland_01-1024x1536.jpg 1024w, https:\/\/www.oruvilla.ee\/wp-content\/uploads\/2021\/05\/Kupland_01-1365x2048.jpg 1365w\" sizes=\"auto, (max-width: 1706px) 100vw, 1706px\" \/><div class=\"wp-block-cover__inner-container is-layout-flow wp-block-cover-is-layout-flow\">\n<p class=\"has-text-align-center has-large-font-size\">Seminar<\/p>\n\n\n\n<p class=\"has-text-align-center has-medium-font-size\">Good thoughts inspired by nature.<br><a href=\"https:\/\/www.oruvilla.ee\/en\/seminar-in-estonia\/\">Read more<\/a><\/p>\n<\/div><\/div>\n<\/div>\n\n\n\n<div class=\"wp-block-column is-vertically-aligned-top is-layout-flow wp-block-column-is-layout-flow\" style=\"flex-basis:50%\">\n<div class=\"wp-block-cover\"><span aria-hidden=\"true\" class=\"wp-block-cover__background has-background-dim-30 has-background-dim\"><\/span><img loading=\"lazy\" decoding=\"async\" width=\"2560\" height=\"1618\" class=\"wp-block-cover__image-background wp-image-1186\" alt=\"\" src=\"https:\/\/www.oruvilla.ee\/wp-content\/uploads\/2021\/06\/Oobikuoru-Villa-17-Kaisa-Aarmaa-scaled.jpg\" style=\"object-position:0% 89%\" data-object-fit=\"cover\" data-object-position=\"0% 89%\" srcset=\"https:\/\/www.oruvilla.ee\/wp-content\/uploads\/2021\/06\/Oobikuoru-Villa-17-Kaisa-Aarmaa-scaled.jpg 2560w, https:\/\/www.oruvilla.ee\/wp-content\/uploads\/2021\/06\/Oobikuoru-Villa-17-Kaisa-Aarmaa-300x190.jpg 300w, https:\/\/www.oruvilla.ee\/wp-content\/uploads\/2021\/06\/Oobikuoru-Villa-17-Kaisa-Aarmaa-1024x647.jpg 1024w, https:\/\/www.oruvilla.ee\/wp-content\/uploads\/2021\/06\/Oobikuoru-Villa-17-Kaisa-Aarmaa-768x485.jpg 768w, https:\/\/www.oruvilla.ee\/wp-content\/uploads\/2021\/06\/Oobikuoru-Villa-17-Kaisa-Aarmaa-1536x971.jpg 1536w, https:\/\/www.oruvilla.ee\/wp-content\/uploads\/2021\/06\/Oobikuoru-Villa-17-Kaisa-Aarmaa-2048x1294.jpg 2048w\" sizes=\"auto, (max-width: 2560px) 100vw, 2560px\" \/><div class=\"wp-block-cover__inner-container is-layout-flow wp-block-cover-is-layout-flow\">\n<p class=\"has-text-align-center has-large-font-size\">Saunas<\/p>\n\n\n\n<p class=\"has-text-align-center has-medium-font-size\">Perfect for spending time with friends.<br><a href=\"https:\/\/www.oruvilla.ee\/en\/smoke-sauna\/\">Read more<\/a><\/p>\n\n\n\n<div class=\"wp-block-buttons is-horizontal is-content-justification-center is-layout-flex wp-container-core-buttons-is-layout-499968f5 wp-block-buttons-is-layout-flex\"><div class=\"wp-block-button-wrapper\">\n<div class=\"wp-block-button is-style-fill\"><a class=\"wp-block-button__link has-white-color has-black-background-color has-text-color has-background no-border-radius wp-element-button\" href=\"https:\/\/bouk.io\/booking\/oruvilla\/285\/rooms?language=en\">Book a smoke sauna<\/a><\/div>\n<\/div><\/div>\n<\/div><\/div>\n<\/div>\n<\/div>\n\n\n\n<div class=\"wp-block-columns alignfull is-layout-flex wp-container-core-columns-is-layout-9d6595d7 wp-block-columns-is-layout-flex\">\n<div class=\"wp-block-column is-vertically-aligned-center is-layout-flow wp-block-column-is-layout-flow\" style=\"flex-basis:35%\">\n<p class=\"has-drop-cap has-background\" style=\"background-color:#f6b1b6\">Nightingale Villa offers rest, relaxation, and great dining! We are located at the crossing of three prehistoric lakes and in the heart of R\u00f5uge\u2019s Nightingale Valley. Suur Munam\u00e4gi (in translation &#8220;Great Egg Mountain&#8221;) is only 8 km away and V\u00f5ru city is 15 minutes drive.<\/p>\n<\/div>\n\n\n\n<div class=\"wp-block-column is-layout-flow wp-block-column-is-layout-flow\" style=\"flex-basis:65%\">\n<div class=\"wp-block-webfactory-map\"><div class=\"wp-block-webfactory-map\"><iframe loading=\"lazy\" width=\"100%\" height=\"370px\" src=\"https:\/\/www.google.com\/maps\/embed\/v1\/place?q=%C3%96%C3%B6bikuoru%20villa&amp;maptype=roadmap&amp;zoom=10&amp;key=AIzaSyDu21TpfU-MuEwU2kFMxIuyEP8nP1tAj4I\" frameborder=\"0\"><\/iframe><\/div><\/div>\n<\/div>\n<\/div>\n\n\n\n<p><\/p>\n","protected":false},"excerpt":{"rendered":"<p>Romantic and luxury accommodation in Estonia, V\u00f5ru county, R\u00f5uge, South Estonia. Great food in the restaurant Andreas. Healing salt chamber, smoke sauna, hot tub or massage. Seminars, corporate summer events, birthdays, weddings. Wonderful nature at the crossing of three prehistoric lakes. Stay at Nightingale villa and spent your time valuably. Nightingale Villa offers rest, relaxation, [&hellip;]<\/p>\n","protected":false},"author":1,"featured_media":0,"parent":0,"menu_order":0,"comment_status":"closed","ping_status":"closed","template":"","meta":{"footnotes":""},"class_list":["post-1500","page","type-page","status-publish","hentry"],"yoast_head":"<!-- This site is optimized with the Yoast SEO plugin v23.6 - https:\/\/yoast.com\/wordpress\/plugins\/seo\/ -->\n<title>Accommodation in Estonia, V\u00f5ru | Villa Nightingale in South Estonia<\/title>\n<meta name=\"description\" content=\"Exclusive and romantic accommodation in Estonia in Villa Nightingale. Delicious food, healing salt chamber, smoked sauna, seminars, nature!\" \/>\n<meta name=\"robots\" content=\"index, follow, max-snippet:-1, max-image-preview:large, max-video-preview:-1\" \/>\n<link rel=\"canonical\" href=\"https:\/\/www.oruvilla.ee\/en\/\" \/>\n<meta property=\"og:locale\" content=\"en_US\" \/>\n<meta property=\"og:type\" content=\"article\" \/>\n<meta property=\"og:title\" content=\"Accommodation in Estonia, V\u00f5ru | Villa Nightingale in South Estonia\" \/>\n<meta property=\"og:description\" content=\"Exclusive and romantic accommodation in Estonia in Villa Nightingale. Delicious food, healing salt chamber, smoked sauna, seminars, nature!\" \/>\n<meta property=\"og:url\" content=\"https:\/\/www.oruvilla.ee\/en\/\" \/>\n<meta property=\"og:site_name\" content=\"\u00d6\u00f6bikuoru villa\" \/>\n<meta property=\"article:modified_time\" content=\"2024-01-07T13:57:52+00:00\" \/>\n<meta property=\"og:image\" content=\"https:\/\/www.oruvilla.ee\/wp-content\/uploads\/2021\/05\/KK-63-scaled-e1622647035762.jpg\" \/>\n<meta name=\"twitter:card\" content=\"summary_large_image\" \/>\n<meta name=\"twitter:label1\" content=\"Est. reading time\" \/>\n\t<meta name=\"twitter:data1\" content=\"3 minutes\" \/>\n<script type=\"application\/ld+json\" class=\"yoast-schema-graph\">{\"@context\":\"https:\/\/schema.org\",\"@graph\":[{\"@type\":\"WebPage\",\"@id\":\"https:\/\/www.oruvilla.ee\/en\/\",\"url\":\"https:\/\/www.oruvilla.ee\/en\/\",\"name\":\"Accommodation in Estonia, V\u00f5ru | Villa Nightingale in South Estonia\",\"isPartOf\":{\"@id\":\"https:\/\/www.oruvilla.ee\/#website\"},\"primaryImageOfPage\":{\"@id\":\"https:\/\/www.oruvilla.ee\/en\/#primaryimage\"},\"image\":{\"@id\":\"https:\/\/www.oruvilla.ee\/en\/#primaryimage\"},\"thumbnailUrl\":\"https:\/\/www.oruvilla.ee\/wp-content\/uploads\/2021\/05\/KK-63-scaled-e1622647035762.jpg\",\"datePublished\":\"2021-04-14T11:53:05+00:00\",\"dateModified\":\"2024-01-07T13:57:52+00:00\",\"description\":\"Exclusive and romantic accommodation in Estonia in Villa Nightingale. Delicious food, healing salt chamber, smoked sauna, seminars, nature!\",\"breadcrumb\":{\"@id\":\"https:\/\/www.oruvilla.ee\/en\/#breadcrumb\"},\"inLanguage\":\"en-US\",\"potentialAction\":[{\"@type\":\"ReadAction\",\"target\":[\"https:\/\/www.oruvilla.ee\/en\/\"]}]},{\"@type\":\"ImageObject\",\"inLanguage\":\"en-US\",\"@id\":\"https:\/\/www.oruvilla.ee\/en\/#primaryimage\",\"url\":\"https:\/\/www.oruvilla.ee\/wp-content\/uploads\/2021\/05\/KK-63-scaled-e1622647035762.jpg\",\"contentUrl\":\"https:\/\/www.oruvilla.ee\/wp-content\/uploads\/2021\/05\/KK-63-scaled-e1622647035762.jpg\"},{\"@type\":\"BreadcrumbList\",\"@id\":\"https:\/\/www.oruvilla.ee\/en\/#breadcrumb\",\"itemListElement\":[{\"@type\":\"ListItem\",\"position\":1,\"name\":\"Home\",\"item\":\"https:\/\/www.oruvilla.ee\/en\/\"},{\"@type\":\"ListItem\",\"position\":2,\"name\":\"Home\"}]},{\"@type\":\"WebSite\",\"@id\":\"https:\/\/www.oruvilla.ee\/#website\",\"url\":\"https:\/\/www.oruvilla.ee\/\",\"name\":\"\u00d6\u00f6bikuoru villa\",\"description\":\"Romantiline majutus R\u00f5uges, V\u00f5rumaal\",\"potentialAction\":[{\"@type\":\"SearchAction\",\"target\":{\"@type\":\"EntryPoint\",\"urlTemplate\":\"https:\/\/www.oruvilla.ee\/?s={search_term_string}\"},\"query-input\":{\"@type\":\"PropertyValueSpecification\",\"valueRequired\":true,\"valueName\":\"search_term_string\"}}],\"inLanguage\":\"en-US\"}]}<\/script>\n<!-- \/ Yoast SEO plugin. -->","yoast_head_json":{"title":"Accommodation in Estonia, V\u00f5ru | Villa Nightingale in South Estonia","description":"Exclusive and romantic accommodation in Estonia in Villa Nightingale. Delicious food, healing salt chamber, smoked sauna, seminars, nature!","robots":{"index":"index","follow":"follow","max-snippet":"max-snippet:-1","max-image-preview":"max-image-preview:large","max-video-preview":"max-video-preview:-1"},"canonical":"https:\/\/www.oruvilla.ee\/en\/","og_locale":"en_US","og_type":"article","og_title":"Accommodation in Estonia, V\u00f5ru | Villa Nightingale in South Estonia","og_description":"Exclusive and romantic accommodation in Estonia in Villa Nightingale. Delicious food, healing salt chamber, smoked sauna, seminars, nature!","og_url":"https:\/\/www.oruvilla.ee\/en\/","og_site_name":"\u00d6\u00f6bikuoru villa","article_modified_time":"2024-01-07T13:57:52+00:00","og_image":[{"url":"https:\/\/www.oruvilla.ee\/wp-content\/uploads\/2021\/05\/KK-63-scaled-e1622647035762.jpg"}],"twitter_card":"summary_large_image","twitter_misc":{"Est. reading time":"3 minutes"},"schema":{"@context":"https:\/\/schema.org","@graph":[{"@type":"WebPage","@id":"https:\/\/www.oruvilla.ee\/en\/","url":"https:\/\/www.oruvilla.ee\/en\/","name":"Accommodation in Estonia, V\u00f5ru | Villa Nightingale in South Estonia","isPartOf":{"@id":"https:\/\/www.oruvilla.ee\/#website"},"primaryImageOfPage":{"@id":"https:\/\/www.oruvilla.ee\/en\/#primaryimage"},"image":{"@id":"https:\/\/www.oruvilla.ee\/en\/#primaryimage"},"thumbnailUrl":"https:\/\/www.oruvilla.ee\/wp-content\/uploads\/2021\/05\/KK-63-scaled-e1622647035762.jpg","datePublished":"2021-04-14T11:53:05+00:00","dateModified":"2024-01-07T13:57:52+00:00","description":"Exclusive and romantic accommodation in Estonia in Villa Nightingale. Delicious food, healing salt chamber, smoked sauna, seminars, nature!","breadcrumb":{"@id":"https:\/\/www.oruvilla.ee\/en\/#breadcrumb"},"inLanguage":"en-US","potentialAction":[{"@type":"ReadAction","target":["https:\/\/www.oruvilla.ee\/en\/"]}]},{"@type":"ImageObject","inLanguage":"en-US","@id":"https:\/\/www.oruvilla.ee\/en\/#primaryimage","url":"https:\/\/www.oruvilla.ee\/wp-content\/uploads\/2021\/05\/KK-63-scaled-e1622647035762.jpg","contentUrl":"https:\/\/www.oruvilla.ee\/wp-content\/uploads\/2021\/05\/KK-63-scaled-e1622647035762.jpg"},{"@type":"BreadcrumbList","@id":"https:\/\/www.oruvilla.ee\/en\/#breadcrumb","itemListElement":[{"@type":"ListItem","position":1,"name":"Home","item":"https:\/\/www.oruvilla.ee\/en\/"},{"@type":"ListItem","position":2,"name":"Home"}]},{"@type":"WebSite","@id":"https:\/\/www.oruvilla.ee\/#website","url":"https:\/\/www.oruvilla.ee\/","name":"\u00d6\u00f6bikuoru villa","description":"Romantiline majutus R\u00f5uges, V\u00f5rumaal","potentialAction":[{"@type":"SearchAction","target":{"@type":"EntryPoint","urlTemplate":"https:\/\/www.oruvilla.ee\/?s={search_term_string}"},"query-input":{"@type":"PropertyValueSpecification","valueRequired":true,"valueName":"search_term_string"}}],"inLanguage":"en-US"}]}},"_links":{"self":[{"href":"https:\/\/www.oruvilla.ee\/en\/wp-json\/wp\/v2\/pages\/1500","targetHints":{"allow":["GET"]}}],"collection":[{"href":"https:\/\/www.oruvilla.ee\/en\/wp-json\/wp\/v2\/pages"}],"about":[{"href":"https:\/\/www.oruvilla.ee\/en\/wp-json\/wp\/v2\/types\/page"}],"author":[{"embeddable":true,"href":"https:\/\/www.oruvilla.ee\/en\/wp-json\/wp\/v2\/users\/1"}],"replies":[{"embeddable":true,"href":"https:\/\/www.oruvilla.ee\/en\/wp-json\/wp\/v2\/comments?post=1500"}],"version-history":[{"count":17,"href":"https:\/\/www.oruvilla.ee\/en\/wp-json\/wp\/v2\/pages\/1500\/revisions"}],"predecessor-version":[{"id":2524,"href":"https:\/\/www.oruvilla.ee\/en\/wp-json\/wp\/v2\/pages\/1500\/revisions\/2524"}],"wp:attachment":[{"href":"https:\/\/www.oruvilla.ee\/en\/wp-json\/wp\/v2\/media?parent=1500"}],"curies":[{"name":"wp","href":"https:\/\/api.w.org\/{rel}","templated":true}]}}